{"id":8029,"date":"2020-06-10T18:59:17","date_gmt":"2020-06-10T18:59:17","guid":{"rendered":"https:\/\/portugalnomapa.com\/index.php\/museu-de-fotografia-vicentes\/"},"modified":"2020-06-11T16:39:04","modified_gmt":"2020-06-11T16:39:04","slug":"museu-de-fotografia-vicentes","status":"publish","type":"page","link":"https:\/\/portugalnomapa.com\/index.php\/museu-de-fotografia-vicentes\/","title":{"rendered":"Museu de Fotografia &#8211; Vicentes"},"content":{"rendered":"<p>&#8216;O Museu de Fotografia &#8211; Vicentes ou Photographia &#8211; Museu Vicentes \u00e9 o mais antigo est\u00fadio de fotografia existente em Portugal, fundado em 1848, por Vicente Gomes da Silva. Desde 1982 \u00e9, tamb\u00e9m, uma casa-museu, possuindo cerca de 800 mil negativos no seu acervo, provenientes n\u00e3o s\u00f3 da Colec\u00e7\u00e3o Vicente, como tamb\u00e9m de outros fot\u00f3grafos profissionais e amadores. &#8211;&nbsp;<em>in wikipedia.org<\/em><\/p>\n<p style=\"text-align:right\" class=\"has-text-color has-vivid-cyan-blue-color\"><a href=\"http:\/\/portugalnomapa.com\/index.php\/ilha-da-madeira?marker=3655\"><strong>Mapa da Regi\u00e3o<\/strong><\/a><\/p>\n\t\t<div id=\"maps-marker-pro-3917b548\" class=\"maps-marker-pro\" style=\"width: 100%;\">\r\n\t\t\t<div id=\"mmp-map-wrap-3917b548\" class=\"mmp-map-wrap\">\r\n\t\t\t\t\t\t\t\t\t<div id=\"mmp-panel-3917b548\" class=\"mmp-panel\"><\/div>\r\n\t\t\t\t\t\t\t\t<div id=\"mmp-map-3917b548\" class=\"mmp-map\" style=\"height: 480px;\"><\/div>\r\n\t\t\t\t\t\t\t<\/div>\r\n\t\t\t\t\t<\/div>\r\n\t\t\n","protected":false},"excerpt":{"rendered":"<p>&#8216;O Museu de Fotografia &#8211; Vicentes ou Photographia &#8211; Museu Vicentes \u00e9 o mais antigo est\u00fadio de fotografia existente em Portugal, fundado em 1848, por Vicente Gomes da Silva. Desde 1982 \u00e9, tamb\u00e9m, uma casa-museu, possuindo cerca de 800 mil negativos no seu acervo, provenientes n\u00e3o s\u00f3 da Colec\u00e7\u00e3o Vicente, como tamb\u00e9m de outros fot\u00f3grafos&#8230; <\/p>\n<div class=\"link-more\"><a href=\"https:\/\/portugalnomapa.com\/index.php\/museu-de-fotografia-vicentes\/\">Ler mais<\/a><\/div>\n","protected":false},"author":4,"featured_media":0,"parent":0,"menu_order":0,"comment_status":"closed","ping_status":"open","template":"","meta":{"footnotes":""},"class_list":["post-8029","page","type-page","status-publish","hentry"],"ams_acf":[],"_links":{"self":[{"href":"https:\/\/portugalnomapa.com\/index.php\/wp-json\/wp\/v2\/pages\/8029"}],"collection":[{"href":"https:\/\/portugalnomapa.com\/index.php\/wp-json\/wp\/v2\/pages"}],"about":[{"href":"https:\/\/portugalnomapa.com\/index.php\/wp-json\/wp\/v2\/types\/page"}],"author":[{"embeddable":true,"href":"https:\/\/portugalnomapa.com\/index.php\/wp-json\/wp\/v2\/users\/4"}],"replies":[{"embeddable":true,"href":"https:\/\/portugalnomapa.com\/index.php\/wp-json\/wp\/v2\/comments?post=8029"}],"version-history":[{"count":2,"href":"https:\/\/portugalnomapa.com\/index.php\/wp-json\/wp\/v2\/pages\/8029\/revisions"}],"predecessor-version":[{"id":12032,"href":"https:\/\/portugalnomapa.com\/index.php\/wp-json\/wp\/v2\/pages\/8029\/revisions\/12032"}],"wp:attachment":[{"href":"https:\/\/portugalnomapa.com\/index.php\/wp-json\/wp\/v2\/media?parent=8029"}],"curies":[{"name":"wp","href":"https:\/\/api.w.org\/{rel}","templated":true}]}}