{"id":7847,"date":"2020-06-10T18:50:21","date_gmt":"2020-06-10T18:50:21","guid":{"rendered":"https:\/\/portugalnomapa.com\/?page_id=7847"},"modified":"2020-06-11T16:15:40","modified_gmt":"2020-06-11T16:15:40","slug":"arte-xavega-em-lagos","status":"publish","type":"page","link":"https:\/\/portugalnomapa.com\/index.php\/arte-xavega-em-lagos\/","title":{"rendered":"Arte X\u00e1vega em Lagos"},"content":{"rendered":"\n<p>&#8216;A x\u00e1vega \u00e9 uma pesca artesanal feita com rede de cerco e o seu equipamento \u00e9 composto dum longo cabo com flutuadores, tendo na sua metade de comprimento um saco de rede em forma c\u00f3nica (xalavar).&#8217; &#8211;&nbsp;<em>in wikipedia<\/em><\/p>\n\n\n\n<p style=\"text-align:right\" class=\"has-text-color has-vivid-cyan-blue-color\"><a href=\"http:\/\/portugalnomapa.com\/index.php\/distrito-de-faro\/?marker=3542\"><strong>Mapa da Regi\u00e3o<\/strong><\/a><\/p>\n\n\n\t\t<div id=\"maps-marker-pro-08636d93\" class=\"maps-marker-pro\" style=\"width: 100%;\">\r\n\t\t\t<div id=\"mmp-map-wrap-08636d93\" class=\"mmp-map-wrap\">\r\n\t\t\t\t\t\t\t\t\t<div id=\"mmp-panel-08636d93\" class=\"mmp-panel\"><\/div>\r\n\t\t\t\t\t\t\t\t<div id=\"mmp-map-08636d93\" class=\"mmp-map\" style=\"height: 480px;\"><\/div>\r\n\t\t\t\t\t\t\t<\/div>\r\n\t\t\t\t\t<\/div>\r\n\t\t\n\n\n\n<p><\/p>\n","protected":false},"excerpt":{"rendered":"<p>&#8216;A x\u00e1vega \u00e9 uma pesca artesanal feita com rede de cerco e o seu equipamento \u00e9 composto dum longo cabo com flutuadores, tendo na sua metade de comprimento um saco de rede em forma c\u00f3nica (xalavar).&#8217; &#8211;&nbsp;in wikipedia Mapa da Regi\u00e3o<\/p>\n","protected":false},"author":4,"featured_media":0,"parent":0,"menu_order":0,"comment_status":"closed","ping_status":"open","template":"","meta":{"footnotes":""},"class_list":["post-7847","page","type-page","status-publish","hentry"],"ams_acf":[],"_links":{"self":[{"href":"https:\/\/portugalnomapa.com\/index.php\/wp-json\/wp\/v2\/pages\/7847"}],"collection":[{"href":"https:\/\/portugalnomapa.com\/index.php\/wp-json\/wp\/v2\/pages"}],"about":[{"href":"https:\/\/portugalnomapa.com\/index.php\/wp-json\/wp\/v2\/types\/page"}],"author":[{"embeddable":true,"href":"https:\/\/portugalnomapa.com\/index.php\/wp-json\/wp\/v2\/users\/4"}],"replies":[{"embeddable":true,"href":"https:\/\/portugalnomapa.com\/index.php\/wp-json\/wp\/v2\/comments?post=7847"}],"version-history":[{"count":3,"href":"https:\/\/portugalnomapa.com\/index.php\/wp-json\/wp\/v2\/pages\/7847\/revisions"}],"predecessor-version":[{"id":10617,"href":"https:\/\/portugalnomapa.com\/index.php\/wp-json\/wp\/v2\/pages\/7847\/revisions\/10617"}],"wp:attachment":[{"href":"https:\/\/portugalnomapa.com\/index.php\/wp-json\/wp\/v2\/media?parent=7847"}],"curies":[{"name":"wp","href":"https:\/\/api.w.org\/{rel}","templated":true}]}}