{"id":7678,"date":"2020-06-10T18:54:02","date_gmt":"2020-06-10T18:54:02","guid":{"rendered":"https:\/\/portugalnomapa.com\/?page_id=7678"},"modified":"2020-06-11T16:23:25","modified_gmt":"2020-06-11T16:23:25","slug":"elvas-e-as-suas-fortificacoes","status":"publish","type":"page","link":"https:\/\/portugalnomapa.com\/index.php\/elvas-e-as-suas-fortificacoes\/","title":{"rendered":"Elvas e as suas Fortifica\u00e7\u00f5es"},"content":{"rendered":"\n<p>&#8216;Designa-se por Cidade-Quartel Fronteiri\u00e7a de Elvas e as suas Fortifica\u00e7\u00f5es o conjunto hist\u00f3rico-cultural classificado como Patrim\u00f3nio Mundial da UNESCO em 2012, localizado na cidade de Elvas.&#8217; &#8211;\u00a0<em>in Wikipedia<\/em><\/p>\n\n\n\n<p style=\"text-align:right\" class=\"has-text-color has-vivid-cyan-blue-color\"><a href=\"http:\/\/portugalnomapa.com\/index.php\/distrito-de-evora\/?marker=3489\"><strong>Mapa da Regi\u00e3o<\/strong><\/a><\/p>\n\n\n\t\t<div id=\"maps-marker-pro-3b14270c\" class=\"maps-marker-pro\" style=\"width: 100%;\">\r\n\t\t\t<div id=\"mmp-map-wrap-3b14270c\" class=\"mmp-map-wrap\">\r\n\t\t\t\t\t\t\t\t\t<div id=\"mmp-panel-3b14270c\" class=\"mmp-panel\"><\/div>\r\n\t\t\t\t\t\t\t\t<div id=\"mmp-map-3b14270c\" class=\"mmp-map\" style=\"height: 480px;\"><\/div>\r\n\t\t\t\t\t\t\t<\/div>\r\n\t\t\t\t\t<\/div>\r\n\t\t\n","protected":false},"excerpt":{"rendered":"<p>&#8216;Designa-se por Cidade-Quartel Fronteiri\u00e7a de Elvas e as suas Fortifica\u00e7\u00f5es o conjunto hist\u00f3rico-cultural classificado como Patrim\u00f3nio Mundial da UNESCO em 2012, localizado na cidade de Elvas.&#8217; &#8211;\u00a0in Wikipedia Mapa da Regi\u00e3o<\/p>\n","protected":false},"author":4,"featured_media":0,"parent":0,"menu_order":0,"comment_status":"closed","ping_status":"open","template":"","meta":{"footnotes":""},"class_list":["post-7678","page","type-page","status-publish","hentry"],"ams_acf":[],"_links":{"self":[{"href":"https:\/\/portugalnomapa.com\/index.php\/wp-json\/wp\/v2\/pages\/7678"}],"collection":[{"href":"https:\/\/portugalnomapa.com\/index.php\/wp-json\/wp\/v2\/pages"}],"about":[{"href":"https:\/\/portugalnomapa.com\/index.php\/wp-json\/wp\/v2\/types\/page"}],"author":[{"embeddable":true,"href":"https:\/\/portugalnomapa.com\/index.php\/wp-json\/wp\/v2\/users\/4"}],"replies":[{"embeddable":true,"href":"https:\/\/portugalnomapa.com\/index.php\/wp-json\/wp\/v2\/comments?post=7678"}],"version-history":[{"count":3,"href":"https:\/\/portugalnomapa.com\/index.php\/wp-json\/wp\/v2\/pages\/7678\/revisions"}],"predecessor-version":[{"id":11107,"href":"https:\/\/portugalnomapa.com\/index.php\/wp-json\/wp\/v2\/pages\/7678\/revisions\/11107"}],"wp:attachment":[{"href":"https:\/\/portugalnomapa.com\/index.php\/wp-json\/wp\/v2\/media?parent=7678"}],"curies":[{"name":"wp","href":"https:\/\/api.w.org\/{rel}","templated":true}]}}