{"id":5486,"date":"2020-06-10T18:57:58","date_gmt":"2020-06-10T18:57:58","guid":{"rendered":"https:\/\/portugalnomapa.com\/index.php\/miradouro-de-sao-pedro-de-alcantara\/"},"modified":"2020-06-11T16:35:01","modified_gmt":"2020-06-11T16:35:01","slug":"miradouro-de-sao-pedro-de-alcantara","status":"publish","type":"page","link":"https:\/\/portugalnomapa.com\/index.php\/miradouro-de-sao-pedro-de-alcantara\/","title":{"rendered":"Miradouro de S\u00e3o Pedro de Alc\u00e2ntara"},"content":{"rendered":"<p style=\"text-align: justify;\">&#8216;Do miradouro de S\u00e3o Pedro de Alc\u00e2ntara, localizado no jardim do mesmo nome, somos privilegiados com uma das mais completas e belas panor\u00e2micas da cidade de Lisboa, compar\u00e1vel \u00e0 que oferece o miradouro fronteiro do Castelo de S\u00e3o Jorge.&#8217; &#8211;\u00a0<em>in C.M.Lisboa<\/em><\/p>\n<p style=\"text-align: right;\"><a href=\"http:\/\/portugalnomapa.com\/index.php\/lisboa---cidade\/?marker=3436\"><span style=\"color: #3366ff;\"><strong>Mapa da Regi\u00e3o<\/strong><\/span><\/a><\/p>\n\t\t<div id=\"maps-marker-pro-f656e507\" class=\"maps-marker-pro\" style=\"width: 100%;\">\r\n\t\t\t<div id=\"mmp-map-wrap-f656e507\" class=\"mmp-map-wrap\">\r\n\t\t\t\t\t\t\t\t\t<div id=\"mmp-panel-f656e507\" class=\"mmp-panel\"><\/div>\r\n\t\t\t\t\t\t\t\t<div id=\"mmp-map-f656e507\" class=\"mmp-map\" style=\"height: 480px;\"><\/div>\r\n\t\t\t\t\t\t\t<\/div>\r\n\t\t\t\t\t<\/div>\r\n\t\t\n","protected":false},"excerpt":{"rendered":"<p>&#8216;Do miradouro de S\u00e3o Pedro de Alc\u00e2ntara, localizado no jardim do mesmo nome, somos privilegiados com uma das mais completas e belas panor\u00e2micas da cidade de Lisboa, compar\u00e1vel \u00e0 que oferece o miradouro fronteiro do Castelo de S\u00e3o Jorge.&#8217; &#8211;\u00a0in C.M.Lisboa Mapa da Regi\u00e3o<\/p>\n","protected":false},"author":4,"featured_media":0,"parent":0,"menu_order":0,"comment_status":"closed","ping_status":"open","template":"","meta":{"footnotes":""},"class_list":["post-5486","page","type-page","status-publish","hentry"],"ams_acf":[],"_links":{"self":[{"href":"https:\/\/portugalnomapa.com\/index.php\/wp-json\/wp\/v2\/pages\/5486"}],"collection":[{"href":"https:\/\/portugalnomapa.com\/index.php\/wp-json\/wp\/v2\/pages"}],"about":[{"href":"https:\/\/portugalnomapa.com\/index.php\/wp-json\/wp\/v2\/types\/page"}],"author":[{"embeddable":true,"href":"https:\/\/portugalnomapa.com\/index.php\/wp-json\/wp\/v2\/users\/4"}],"replies":[{"embeddable":true,"href":"https:\/\/portugalnomapa.com\/index.php\/wp-json\/wp\/v2\/comments?post=5486"}],"version-history":[{"count":4,"href":"https:\/\/portugalnomapa.com\/index.php\/wp-json\/wp\/v2\/pages\/5486\/revisions"}],"predecessor-version":[{"id":11806,"href":"https:\/\/portugalnomapa.com\/index.php\/wp-json\/wp\/v2\/pages\/5486\/revisions\/11806"}],"wp:attachment":[{"href":"https:\/\/portugalnomapa.com\/index.php\/wp-json\/wp\/v2\/media?parent=5486"}],"curies":[{"name":"wp","href":"https:\/\/api.w.org\/{rel}","templated":true}]}}