{"id":543,"date":"2020-06-10T19:00:04","date_gmt":"2020-06-10T19:00:04","guid":{"rendered":"http:\/\/portugalnomapa.com\/index.php\/distrito-de-evora\/paco-dos-henriques\/"},"modified":"2020-06-11T16:39:43","modified_gmt":"2020-06-11T16:39:43","slug":"paco-dos-henriques","status":"publish","type":"page","link":"https:\/\/portugalnomapa.com\/index.php\/paco-dos-henriques\/","title":{"rendered":"Pa\u00e7o dos Henriques"},"content":{"rendered":"<p style=\"text-align: justify;\">&#8216;O Pa\u00e7o dos Henriques ou Pa\u00e7o Real da Vila, localizado em Alc\u00e1\u00e7ovas, foi a resid\u00eancia real de Portugal no s\u00e9culo XIV, onde se realizaram os casamentos dos pais de D. Manuel I de Portugal e da rainha Isabel I de Castela, a Cat\u00f3lica. Nele, D. Jo\u00e3o II de Portugal redigiu o seu testamento a 20 de Setembro de 1495.&#8217; &#8211;\u00a0<em>in wikipedia<\/em><\/p>\n<p style=\"text-align: right;\"><a href=\"http:\/\/portugalnomapa.com\/index.php\/distrito-de-evora\/?marker=1602\"><span style=\"color: #3366ff;\"><strong>Mapa da Regi\u00e3o<\/strong><\/span><\/a><\/p>\n\t\t<div id=\"maps-marker-pro-360c4a5b\" class=\"maps-marker-pro\" style=\"width: 100%;\">\r\n\t\t\t<div id=\"mmp-map-wrap-360c4a5b\" class=\"mmp-map-wrap\">\r\n\t\t\t\t\t\t\t\t\t<div id=\"mmp-panel-360c4a5b\" class=\"mmp-panel\"><\/div>\r\n\t\t\t\t\t\t\t\t<div id=\"mmp-map-360c4a5b\" class=\"mmp-map\" style=\"height: 480px;\"><\/div>\r\n\t\t\t\t\t\t\t<\/div>\r\n\t\t\t\t\t<\/div>\r\n\t\t\n","protected":false},"excerpt":{"rendered":"<p>&#8216;O Pa\u00e7o dos Henriques ou Pa\u00e7o Real da Vila, localizado em Alc\u00e1\u00e7ovas, foi a resid\u00eancia real de Portugal no s\u00e9culo XIV, onde se realizaram os casamentos dos pais de D. Manuel I de Portugal e da rainha Isabel I de Castela, a Cat\u00f3lica. Nele, D. Jo\u00e3o II de Portugal redigiu o seu testamento a 20&#8230; <\/p>\n<div class=\"link-more\"><a href=\"https:\/\/portugalnomapa.com\/index.php\/paco-dos-henriques\/\">Ler mais<\/a><\/div>\n","protected":false},"author":4,"featured_media":0,"parent":0,"menu_order":0,"comment_status":"closed","ping_status":"open","template":"","meta":{"footnotes":""},"class_list":["post-543","page","type-page","status-publish","hentry"],"ams_acf":[],"_links":{"self":[{"href":"https:\/\/portugalnomapa.com\/index.php\/wp-json\/wp\/v2\/pages\/543"}],"collection":[{"href":"https:\/\/portugalnomapa.com\/index.php\/wp-json\/wp\/v2\/pages"}],"about":[{"href":"https:\/\/portugalnomapa.com\/index.php\/wp-json\/wp\/v2\/types\/page"}],"author":[{"embeddable":true,"href":"https:\/\/portugalnomapa.com\/index.php\/wp-json\/wp\/v2\/users\/4"}],"replies":[{"embeddable":true,"href":"https:\/\/portugalnomapa.com\/index.php\/wp-json\/wp\/v2\/comments?post=543"}],"version-history":[{"count":4,"href":"https:\/\/portugalnomapa.com\/index.php\/wp-json\/wp\/v2\/pages\/543\/revisions"}],"predecessor-version":[{"id":12190,"href":"https:\/\/portugalnomapa.com\/index.php\/wp-json\/wp\/v2\/pages\/543\/revisions\/12190"}],"wp:attachment":[{"href":"https:\/\/portugalnomapa.com\/index.php\/wp-json\/wp\/v2\/media?parent=543"}],"curies":[{"name":"wp","href":"https:\/\/api.w.org\/{rel}","templated":true}]}}