{"id":5378,"date":"2020-06-10T18:58:03","date_gmt":"2020-06-10T18:58:03","guid":{"rendered":"https:\/\/portugalnomapa.com\/index.php\/miradouro-do-caramulinho\/"},"modified":"2020-06-11T16:35:33","modified_gmt":"2020-06-11T16:35:33","slug":"miradouro-do-caramulinho","status":"publish","type":"page","link":"https:\/\/portugalnomapa.com\/index.php\/miradouro-do-caramulinho\/","title":{"rendered":"Miradouro do Caramulinho"},"content":{"rendered":"<p style=\"text-align: justify;\">&#8216;Um dos locais obrigat\u00f3rios da fant\u00e1stica Serra do Caramulo, do Miradouro do Caramulinho tem-se um panorama de excel\u00eancia a cerca de 1075 metros de altitude.&#8217; &#8211;\u00a0<em>in guiadacidade<\/em><\/p>\n<p style=\"text-align: right;\"><a href=\"http:\/\/portugalnomapa.com\/index.php\/distrito-de-viseu\/?marker=3389\"><span style=\"color: #3366ff;\"><strong>Mapa da Regi\u00e3o<\/strong><\/span><\/a><\/p>\n\t\t<div id=\"maps-marker-pro-cdc9dbde\" class=\"maps-marker-pro\" style=\"width: 100%;\">\r\n\t\t\t<div id=\"mmp-map-wrap-cdc9dbde\" class=\"mmp-map-wrap\">\r\n\t\t\t\t\t\t\t\t\t<div id=\"mmp-panel-cdc9dbde\" class=\"mmp-panel\"><\/div>\r\n\t\t\t\t\t\t\t\t<div id=\"mmp-map-cdc9dbde\" class=\"mmp-map\" style=\"height: 480px;\"><\/div>\r\n\t\t\t\t\t\t\t<\/div>\r\n\t\t\t\t\t<\/div>\r\n\t\t\n","protected":false},"excerpt":{"rendered":"<p>&#8216;Um dos locais obrigat\u00f3rios da fant\u00e1stica Serra do Caramulo, do Miradouro do Caramulinho tem-se um panorama de excel\u00eancia a cerca de 1075 metros de altitude.&#8217; &#8211;\u00a0in guiadacidade Mapa da Regi\u00e3o<\/p>\n","protected":false},"author":4,"featured_media":0,"parent":0,"menu_order":0,"comment_status":"closed","ping_status":"open","template":"","meta":{"footnotes":""},"class_list":["post-5378","page","type-page","status-publish","hentry"],"ams_acf":[],"_links":{"self":[{"href":"https:\/\/portugalnomapa.com\/index.php\/wp-json\/wp\/v2\/pages\/5378"}],"collection":[{"href":"https:\/\/portugalnomapa.com\/index.php\/wp-json\/wp\/v2\/pages"}],"about":[{"href":"https:\/\/portugalnomapa.com\/index.php\/wp-json\/wp\/v2\/types\/page"}],"author":[{"embeddable":true,"href":"https:\/\/portugalnomapa.com\/index.php\/wp-json\/wp\/v2\/users\/4"}],"replies":[{"embeddable":true,"href":"https:\/\/portugalnomapa.com\/index.php\/wp-json\/wp\/v2\/comments?post=5378"}],"version-history":[{"count":4,"href":"https:\/\/portugalnomapa.com\/index.php\/wp-json\/wp\/v2\/pages\/5378\/revisions"}],"predecessor-version":[{"id":11824,"href":"https:\/\/portugalnomapa.com\/index.php\/wp-json\/wp\/v2\/pages\/5378\/revisions\/11824"}],"wp:attachment":[{"href":"https:\/\/portugalnomapa.com\/index.php\/wp-json\/wp\/v2\/media?parent=5378"}],"curies":[{"name":"wp","href":"https:\/\/api.w.org\/{rel}","templated":true}]}}