{"id":5318,"date":"2020-06-10T18:58:10","date_gmt":"2020-06-10T18:58:10","guid":{"rendered":"https:\/\/portugalnomapa.com\/index.php\/miradouro-do-colado\/"},"modified":"2020-06-11T16:35:33","modified_gmt":"2020-06-11T16:35:33","slug":"miradouro-do-colado","status":"publish","type":"page","link":"https:\/\/portugalnomapa.com\/index.php\/miradouro-do-colado\/","title":{"rendered":"Miradouro do Colado"},"content":{"rendered":"<p style=\"text-align: justify;\">&#8216;Num terra\u00e7o sobranceiro \u00e0 aldeia de Mazouco est\u00e1 situado este bonito miradouro, zona de transi\u00e7\u00e3o entre os terrenos gran\u00edticos e de ravinas abruptas, onde o rio Douro ao longo de milhares de anos escavou o seu leito tortuoso, e as vertentes suaves e xistosas, locais privilegiados para a produ\u00e7\u00e3o dos n\u00e9ctares do Douro.&#8217; &#8211;\u00a0<em>in freixodeespadacinta<\/em><\/p>\n<p style=\"text-align: right;\"><a href=\"http:\/\/portugalnomapa.com\/index.php\/distrito-de-braganca\/?marker=3359\"><span style=\"color: #3366ff;\"><strong>Mapa da Regi\u00e3o<\/strong><\/span><\/a><\/p>\n\t\t<div id=\"maps-marker-pro-9ecc1b7f\" class=\"maps-marker-pro\" style=\"width: 100%;\">\r\n\t\t\t<div id=\"mmp-map-wrap-9ecc1b7f\" class=\"mmp-map-wrap\">\r\n\t\t\t\t\t\t\t\t\t<div id=\"mmp-panel-9ecc1b7f\" class=\"mmp-panel\"><\/div>\r\n\t\t\t\t\t\t\t\t<div id=\"mmp-map-9ecc1b7f\" class=\"mmp-map\" style=\"height: 480px;\"><\/div>\r\n\t\t\t\t\t\t\t<\/div>\r\n\t\t\t\t\t<\/div>\r\n\t\t\n","protected":false},"excerpt":{"rendered":"<p>&#8216;Num terra\u00e7o sobranceiro \u00e0 aldeia de Mazouco est\u00e1 situado este bonito miradouro, zona de transi\u00e7\u00e3o entre os terrenos gran\u00edticos e de ravinas abruptas, onde o rio Douro ao longo de milhares de anos escavou o seu leito tortuoso, e as vertentes suaves e xistosas, locais privilegiados para a produ\u00e7\u00e3o dos n\u00e9ctares do Douro.&#8217; &#8211;\u00a0in freixodeespadacinta&#8230; <\/p>\n<div class=\"link-more\"><a href=\"https:\/\/portugalnomapa.com\/index.php\/miradouro-do-colado\/\">Ler mais<\/a><\/div>\n","protected":false},"author":4,"featured_media":0,"parent":0,"menu_order":0,"comment_status":"closed","ping_status":"open","template":"","meta":{"footnotes":""},"class_list":["post-5318","page","type-page","status-publish","hentry"],"ams_acf":[],"_links":{"self":[{"href":"https:\/\/portugalnomapa.com\/index.php\/wp-json\/wp\/v2\/pages\/5318"}],"collection":[{"href":"https:\/\/portugalnomapa.com\/index.php\/wp-json\/wp\/v2\/pages"}],"about":[{"href":"https:\/\/portugalnomapa.com\/index.php\/wp-json\/wp\/v2\/types\/page"}],"author":[{"embeddable":true,"href":"https:\/\/portugalnomapa.com\/index.php\/wp-json\/wp\/v2\/users\/4"}],"replies":[{"embeddable":true,"href":"https:\/\/portugalnomapa.com\/index.php\/wp-json\/wp\/v2\/comments?post=5318"}],"version-history":[{"count":4,"href":"https:\/\/portugalnomapa.com\/index.php\/wp-json\/wp\/v2\/pages\/5318\/revisions"}],"predecessor-version":[{"id":11829,"href":"https:\/\/portugalnomapa.com\/index.php\/wp-json\/wp\/v2\/pages\/5318\/revisions\/11829"}],"wp:attachment":[{"href":"https:\/\/portugalnomapa.com\/index.php\/wp-json\/wp\/v2\/media?parent=5318"}],"curies":[{"name":"wp","href":"https:\/\/api.w.org\/{rel}","templated":true}]}}