{"id":5218,"date":"2020-06-10T19:01:54","date_gmt":"2020-06-10T19:01:54","guid":{"rendered":"https:\/\/portugalnomapa.com\/index.php\/praia-fluvial-do-poco-da-corga\/"},"modified":"2020-06-11T16:42:45","modified_gmt":"2020-06-11T16:42:45","slug":"praia-fluvial-do-poco-da-corga","status":"publish","type":"page","link":"https:\/\/portugalnomapa.com\/index.php\/praia-fluvial-do-poco-da-corga\/","title":{"rendered":"Praia Fluvial do Po\u00e7o da Corga"},"content":{"rendered":"<p style=\"text-align: justify;\">&#8216;Considerada uma das praias fluviais mais visitadas deste distrito, a Praia Fluvial do Po\u00e7o de Corga \u00e9 conhecida pela sua fant\u00e1stica paisagem sobre a Serra da Lous\u00e3 e correntes de \u00e1guas transl\u00facidas.&#8217; &#8211;\u00a0<em>in praiafluvial.pt<\/em><\/p>\n<p style=\"text-align: right;\"><a href=\"http:\/\/portugalnomapa.com\/index.php\/distrito-de-leiria\/?marker=3289\"><span style=\"color: #3366ff;\"><strong>Mapa da Regi\u00e3o<\/strong><\/span><\/a><\/p>\n\t\t<div id=\"maps-marker-pro-386677ba\" class=\"maps-marker-pro\" style=\"width: 100%;\">\r\n\t\t\t<div id=\"mmp-map-wrap-386677ba\" class=\"mmp-map-wrap\">\r\n\t\t\t\t\t\t\t\t\t<div id=\"mmp-panel-386677ba\" class=\"mmp-panel\"><\/div>\r\n\t\t\t\t\t\t\t\t<div id=\"mmp-map-386677ba\" class=\"mmp-map\" style=\"height: 480px;\"><\/div>\r\n\t\t\t\t\t\t\t<\/div>\r\n\t\t\t\t\t<\/div>\r\n\t\t\n","protected":false},"excerpt":{"rendered":"<p>&#8216;Considerada uma das praias fluviais mais visitadas deste distrito, a Praia Fluvial do Po\u00e7o de Corga \u00e9 conhecida pela sua fant\u00e1stica paisagem sobre a Serra da Lous\u00e3 e correntes de \u00e1guas transl\u00facidas.&#8217; &#8211;\u00a0in praiafluvial.pt Mapa da Regi\u00e3o<\/p>\n","protected":false},"author":4,"featured_media":0,"parent":0,"menu_order":0,"comment_status":"closed","ping_status":"open","template":"","meta":{"footnotes":""},"class_list":["post-5218","page","type-page","status-publish","hentry"],"ams_acf":[],"_links":{"self":[{"href":"https:\/\/portugalnomapa.com\/index.php\/wp-json\/wp\/v2\/pages\/5218"}],"collection":[{"href":"https:\/\/portugalnomapa.com\/index.php\/wp-json\/wp\/v2\/pages"}],"about":[{"href":"https:\/\/portugalnomapa.com\/index.php\/wp-json\/wp\/v2\/types\/page"}],"author":[{"embeddable":true,"href":"https:\/\/portugalnomapa.com\/index.php\/wp-json\/wp\/v2\/users\/4"}],"replies":[{"embeddable":true,"href":"https:\/\/portugalnomapa.com\/index.php\/wp-json\/wp\/v2\/comments?post=5218"}],"version-history":[{"count":4,"href":"https:\/\/portugalnomapa.com\/index.php\/wp-json\/wp\/v2\/pages\/5218\/revisions"}],"predecessor-version":[{"id":12524,"href":"https:\/\/portugalnomapa.com\/index.php\/wp-json\/wp\/v2\/pages\/5218\/revisions\/12524"}],"wp:attachment":[{"href":"https:\/\/portugalnomapa.com\/index.php\/wp-json\/wp\/v2\/media?parent=5218"}],"curies":[{"name":"wp","href":"https:\/\/api.w.org\/{rel}","templated":true}]}}