{"id":498,"date":"2020-06-10T19:00:12","date_gmt":"2020-06-10T19:00:12","guid":{"rendered":"http:\/\/portugalnomapa.com\/index.php\/distrito-de-setubal\/palacio-da-quinta-das-torres\/"},"modified":"2020-06-11T16:40:54","modified_gmt":"2020-06-11T16:40:54","slug":"palacio-da-quinta-das-torres","status":"publish","type":"page","link":"https:\/\/portugalnomapa.com\/index.php\/palacio-da-quinta-das-torres\/","title":{"rendered":"Pal\u00e1cio da Quinta das Torres"},"content":{"rendered":"<p style=\"text-align: justify;\">&#8221;A Quinta das Torres e o seu Pal\u00e1cio, em Set\u00fabal, dat\u00e1vel de cerca de 1560, \u00e9 um dos mais importantes e belos conjuntos arquitect\u00f3nicos renascentistas do pa\u00eds&#8217; &#8211;\u00a0<em>in wikipedia<\/em><\/p>\n<p style=\"text-align: right;\"><a href=\"http:\/\/portugalnomapa.com\/index.php\/distrito-de-setubal\/?marker=1562\"><span style=\"color: #3366ff;\"><strong>Mapa da Regi\u00e3o<\/strong><\/span><\/a><\/p>\n\t\t<div id=\"maps-marker-pro-aa839e08\" class=\"maps-marker-pro\" style=\"width: 100%;\">\r\n\t\t\t<div id=\"mmp-map-wrap-aa839e08\" class=\"mmp-map-wrap\">\r\n\t\t\t\t\t\t\t\t\t<div id=\"mmp-panel-aa839e08\" class=\"mmp-panel\"><\/div>\r\n\t\t\t\t\t\t\t\t<div id=\"mmp-map-aa839e08\" class=\"mmp-map\" style=\"height: 480px;\"><\/div>\r\n\t\t\t\t\t\t\t<\/div>\r\n\t\t\t\t\t<\/div>\r\n\t\t\n","protected":false},"excerpt":{"rendered":"<p>&#8221;A Quinta das Torres e o seu Pal\u00e1cio, em Set\u00fabal, dat\u00e1vel de cerca de 1560, \u00e9 um dos mais importantes e belos conjuntos arquitect\u00f3nicos renascentistas do pa\u00eds&#8217; &#8211;\u00a0in wikipedia Mapa da Regi\u00e3o<\/p>\n","protected":false},"author":4,"featured_media":0,"parent":0,"menu_order":0,"comment_status":"closed","ping_status":"open","template":"","meta":{"footnotes":""},"class_list":["post-498","page","type-page","status-publish","hentry"],"ams_acf":[],"_links":{"self":[{"href":"https:\/\/portugalnomapa.com\/index.php\/wp-json\/wp\/v2\/pages\/498"}],"collection":[{"href":"https:\/\/portugalnomapa.com\/index.php\/wp-json\/wp\/v2\/pages"}],"about":[{"href":"https:\/\/portugalnomapa.com\/index.php\/wp-json\/wp\/v2\/types\/page"}],"author":[{"embeddable":true,"href":"https:\/\/portugalnomapa.com\/index.php\/wp-json\/wp\/v2\/users\/4"}],"replies":[{"embeddable":true,"href":"https:\/\/portugalnomapa.com\/index.php\/wp-json\/wp\/v2\/comments?post=498"}],"version-history":[{"count":4,"href":"https:\/\/portugalnomapa.com\/index.php\/wp-json\/wp\/v2\/pages\/498\/revisions"}],"predecessor-version":[{"id":12217,"href":"https:\/\/portugalnomapa.com\/index.php\/wp-json\/wp\/v2\/pages\/498\/revisions\/12217"}],"wp:attachment":[{"href":"https:\/\/portugalnomapa.com\/index.php\/wp-json\/wp\/v2\/media?parent=498"}],"curies":[{"name":"wp","href":"https:\/\/api.w.org\/{rel}","templated":true}]}}