{"id":4792,"date":"2020-06-10T18:57:13","date_gmt":"2020-06-10T18:57:13","guid":{"rendered":"https:\/\/portugalnomapa.com\/index.php\/lgoa-do-landroal\/"},"modified":"2020-06-11T16:33:46","modified_gmt":"2020-06-11T16:33:46","slug":"lgoa-do-landroal","status":"publish","type":"page","link":"https:\/\/portugalnomapa.com\/index.php\/lgoa-do-landroal\/","title":{"rendered":"Lgoa do Landroal"},"content":{"rendered":"<p style=\"text-align: justify\">&#8216;A Lagoa do Landroal \u00e9 uma lagoa portuguesa, localizada na ilha a\u00e7oriana do Pico, arquip\u00e9lago dos A\u00e7ores, no munic\u00edpio das Lajes do Pico.&#8217; &#8211;\u00a0<em>in wikipedia<\/em><\/p>\n<p style=\"text-align: right\"><a href=\"http:\/\/portugalnomapa.com\/index.php\/ilha-do-pico\/?marker=3209\"><span style=\"color: #3366ff\"><strong>Mapa da Regi\u00e3o<\/strong><\/span><\/a><\/p>\n\t\t<div id=\"maps-marker-pro-40697fc2\" class=\"maps-marker-pro\" style=\"width: 100%;\">\r\n\t\t\t<div id=\"mmp-map-wrap-40697fc2\" class=\"mmp-map-wrap\">\r\n\t\t\t\t\t\t\t\t\t<div id=\"mmp-panel-40697fc2\" class=\"mmp-panel\"><\/div>\r\n\t\t\t\t\t\t\t\t<div id=\"mmp-map-40697fc2\" class=\"mmp-map\" style=\"height: 480px;\"><\/div>\r\n\t\t\t\t\t\t\t<\/div>\r\n\t\t\t\t\t<\/div>\r\n\t\t\n","protected":false},"excerpt":{"rendered":"<p>&#8216;A Lagoa do Landroal \u00e9 uma lagoa portuguesa, localizada na ilha a\u00e7oriana do Pico, arquip\u00e9lago dos A\u00e7ores, no munic\u00edpio das Lajes do Pico.&#8217; &#8211;\u00a0in wikipedia Mapa da Regi\u00e3o<\/p>\n","protected":false},"author":4,"featured_media":0,"parent":0,"menu_order":0,"comment_status":"closed","ping_status":"open","template":"","meta":{"footnotes":""},"class_list":["post-4792","page","type-page","status-publish","hentry"],"ams_acf":[],"_links":{"self":[{"href":"https:\/\/portugalnomapa.com\/index.php\/wp-json\/wp\/v2\/pages\/4792"}],"collection":[{"href":"https:\/\/portugalnomapa.com\/index.php\/wp-json\/wp\/v2\/pages"}],"about":[{"href":"https:\/\/portugalnomapa.com\/index.php\/wp-json\/wp\/v2\/types\/page"}],"author":[{"embeddable":true,"href":"https:\/\/portugalnomapa.com\/index.php\/wp-json\/wp\/v2\/users\/4"}],"replies":[{"embeddable":true,"href":"https:\/\/portugalnomapa.com\/index.php\/wp-json\/wp\/v2\/comments?post=4792"}],"version-history":[{"count":4,"href":"https:\/\/portugalnomapa.com\/index.php\/wp-json\/wp\/v2\/pages\/4792\/revisions"}],"predecessor-version":[{"id":11658,"href":"https:\/\/portugalnomapa.com\/index.php\/wp-json\/wp\/v2\/pages\/4792\/revisions\/11658"}],"wp:attachment":[{"href":"https:\/\/portugalnomapa.com\/index.php\/wp-json\/wp\/v2\/media?parent=4792"}],"curies":[{"name":"wp","href":"https:\/\/api.w.org\/{rel}","templated":true}]}}