{"id":4592,"date":"2020-06-10T18:51:37","date_gmt":"2020-06-10T18:51:37","guid":{"rendered":"https:\/\/portugalnomapa.com\/index.php\/cascata-da-ribeira-grande\/"},"modified":"2020-06-11T16:17:54","modified_gmt":"2020-06-11T16:17:54","slug":"cascata-da-ribeira-grande","status":"publish","type":"page","link":"https:\/\/portugalnomapa.com\/index.php\/cascata-da-ribeira-grande\/","title":{"rendered":"Cascata da Ribeira Grande"},"content":{"rendered":"<p style=\"text-align: justify;\">&#8216;A Cascata da Ribeira Grande \u00e9 uma queda de \u00e1gua (cascata) localizada no s\u00edtio \u00e0 Faj\u00e3zinha, sitio da Ribeira Grande concelho das Lajes das Flores, ilha das Flores, arquip\u00e9lago dos A\u00e7ores, em Portugal<\/p>\n<p>Apresenta-se como cascata dotada de uma forte queda de \u00e1gua que se precipita por v\u00e1rias dezenas de metros de altura, e re\u00fane cerca de vinte quedas de \u00e1gua no total, sendo que algumas dessas quedas se precipitam no mar e outras d\u00e3o origem a uma lagoa que \u00e9 utilizada como zona balnear.&#8217; &#8211;\u00a0<em>in Wikipedia<\/em><\/p>\n<p style=\"text-align: right;\"><a href=\"http:\/\/portugalnomapa.com\/index.php\/ilha-das-flores\/?marker=3083\"><span style=\"color: #3366ff;\"><strong>Mapa da Regi\u00e3o<\/strong><\/span><\/a><\/p>\n\t\t<div id=\"maps-marker-pro-f60e8f6c\" class=\"maps-marker-pro\" style=\"width: 100%;\">\r\n\t\t\t<div id=\"mmp-map-wrap-f60e8f6c\" class=\"mmp-map-wrap\">\r\n\t\t\t\t\t\t\t\t\t<div id=\"mmp-panel-f60e8f6c\" class=\"mmp-panel\"><\/div>\r\n\t\t\t\t\t\t\t\t<div id=\"mmp-map-f60e8f6c\" class=\"mmp-map\" style=\"height: 480px;\"><\/div>\r\n\t\t\t\t\t\t\t<\/div>\r\n\t\t\t\t\t<\/div>\r\n\t\t\n","protected":false},"excerpt":{"rendered":"<p>&#8216;A Cascata da Ribeira Grande \u00e9 uma queda de \u00e1gua (cascata) localizada no s\u00edtio \u00e0 Faj\u00e3zinha, sitio da Ribeira Grande concelho das Lajes das Flores, ilha das Flores, arquip\u00e9lago dos A\u00e7ores, em Portugal Apresenta-se como cascata dotada de uma forte queda de \u00e1gua que se precipita por v\u00e1rias dezenas de metros de altura, e re\u00fane&#8230; <\/p>\n<div class=\"link-more\"><a href=\"https:\/\/portugalnomapa.com\/index.php\/cascata-da-ribeira-grande\/\">Ler mais<\/a><\/div>\n","protected":false},"author":4,"featured_media":0,"parent":0,"menu_order":0,"comment_status":"closed","ping_status":"open","template":"","meta":{"footnotes":""},"class_list":["post-4592","page","type-page","status-publish","hentry"],"ams_acf":[],"_links":{"self":[{"href":"https:\/\/portugalnomapa.com\/index.php\/wp-json\/wp\/v2\/pages\/4592"}],"collection":[{"href":"https:\/\/portugalnomapa.com\/index.php\/wp-json\/wp\/v2\/pages"}],"about":[{"href":"https:\/\/portugalnomapa.com\/index.php\/wp-json\/wp\/v2\/types\/page"}],"author":[{"embeddable":true,"href":"https:\/\/portugalnomapa.com\/index.php\/wp-json\/wp\/v2\/users\/4"}],"replies":[{"embeddable":true,"href":"https:\/\/portugalnomapa.com\/index.php\/wp-json\/wp\/v2\/comments?post=4592"}],"version-history":[{"count":4,"href":"https:\/\/portugalnomapa.com\/index.php\/wp-json\/wp\/v2\/pages\/4592\/revisions"}],"predecessor-version":[{"id":10814,"href":"https:\/\/portugalnomapa.com\/index.php\/wp-json\/wp\/v2\/pages\/4592\/revisions\/10814"}],"wp:attachment":[{"href":"https:\/\/portugalnomapa.com\/index.php\/wp-json\/wp\/v2\/media?parent=4592"}],"curies":[{"name":"wp","href":"https:\/\/api.w.org\/{rel}","templated":true}]}}