{"id":4587,"date":"2020-06-10T18:55:35","date_gmt":"2020-06-10T18:55:35","guid":{"rendered":"https:\/\/portugalnomapa.com\/index.php\/igreja-de-nossa-senhora-da-conceicao\/"},"modified":"2020-06-11T16:26:34","modified_gmt":"2020-06-11T16:26:34","slug":"igreja-de-nossa-senhora-da-conceicao-flores","status":"publish","type":"page","link":"https:\/\/portugalnomapa.com\/index.php\/igreja-de-nossa-senhora-da-conceicao-flores\/","title":{"rendered":"Igreja de Nossa Senhora da Concei\u00e7\u00e3o (Flores)"},"content":{"rendered":"<p style=\"text-align: justify;\">&#8216;A Igreja Matriz da Concei\u00e7\u00e3o localiza-se na freguesia de Santa Cruz das Flores, concelho de mesmo nome, na ilha das Flores, nos A\u00e7ores.&#8217; &#8211;\u00a0<em>in Wikipedia<\/em><\/p>\n<p style=\"text-align: right;\"><a href=\"http:\/\/portugalnomapa.com\/index.php\/ilha-das-flores\/?marker=3078\"><span style=\"color: #3366ff;\"><strong>Mapa da Regi\u00e3o<\/strong><\/span><\/a><\/p>\n\t\t<div id=\"maps-marker-pro-18ec2112\" class=\"maps-marker-pro\" style=\"width: 100%;\">\r\n\t\t\t<div id=\"mmp-map-wrap-18ec2112\" class=\"mmp-map-wrap\">\r\n\t\t\t\t\t\t\t\t\t<div id=\"mmp-panel-18ec2112\" class=\"mmp-panel\"><\/div>\r\n\t\t\t\t\t\t\t\t<div id=\"mmp-map-18ec2112\" class=\"mmp-map\" style=\"height: 480px;\"><\/div>\r\n\t\t\t\t\t\t\t<\/div>\r\n\t\t\t\t\t<\/div>\r\n\t\t\n","protected":false},"excerpt":{"rendered":"<p>&#8216;A Igreja Matriz da Concei\u00e7\u00e3o localiza-se na freguesia de Santa Cruz das Flores, concelho de mesmo nome, na ilha das Flores, nos A\u00e7ores.&#8217; &#8211;\u00a0in Wikipedia Mapa da Regi\u00e3o<\/p>\n","protected":false},"author":4,"featured_media":0,"parent":0,"menu_order":0,"comment_status":"closed","ping_status":"open","template":"","meta":{"footnotes":""},"class_list":["post-4587","page","type-page","status-publish","hentry"],"ams_acf":[],"_links":{"self":[{"href":"https:\/\/portugalnomapa.com\/index.php\/wp-json\/wp\/v2\/pages\/4587"}],"collection":[{"href":"https:\/\/portugalnomapa.com\/index.php\/wp-json\/wp\/v2\/pages"}],"about":[{"href":"https:\/\/portugalnomapa.com\/index.php\/wp-json\/wp\/v2\/types\/page"}],"author":[{"embeddable":true,"href":"https:\/\/portugalnomapa.com\/index.php\/wp-json\/wp\/v2\/users\/4"}],"replies":[{"embeddable":true,"href":"https:\/\/portugalnomapa.com\/index.php\/wp-json\/wp\/v2\/comments?post=4587"}],"version-history":[{"count":5,"href":"https:\/\/portugalnomapa.com\/index.php\/wp-json\/wp\/v2\/pages\/4587\/revisions"}],"predecessor-version":[{"id":11356,"href":"https:\/\/portugalnomapa.com\/index.php\/wp-json\/wp\/v2\/pages\/4587\/revisions\/11356"}],"wp:attachment":[{"href":"https:\/\/portugalnomapa.com\/index.php\/wp-json\/wp\/v2\/media?parent=4587"}],"curies":[{"name":"wp","href":"https:\/\/api.w.org\/{rel}","templated":true}]}}