{"id":4580,"date":"2020-06-10T18:57:42","date_gmt":"2020-06-10T18:57:42","guid":{"rendered":"https:\/\/portugalnomapa.com\/index.php\/miradouro-da-rocha-dos-bordoes\/"},"modified":"2020-06-11T16:34:59","modified_gmt":"2020-06-11T16:34:59","slug":"miradouro-da-rocha-dos-bordoes","status":"publish","type":"page","link":"https:\/\/portugalnomapa.com\/index.php\/miradouro-da-rocha-dos-bordoes\/","title":{"rendered":"Miradouro da Rocha dos Bord\u00f5es"},"content":{"rendered":"<p style=\"text-align: justify;\">&#8216;A Rocha dos Bord\u00f5es \u00e9 uma forma\u00e7\u00e3o geol\u00f3gica, caracterizada por enormes colunas de basalto, localizado no s\u00edtio denominado por Cabo Baixo das Casas, na freguesia do Mosteiro, concelho das Lajes das Flores.&#8217; &#8211;\u00a0<em>in geocaching<\/em><\/p>\n<p style=\"text-align: right;\"><a href=\"http:\/\/portugalnomapa.com\/index.php\/ilha-das-flores\/?marker=3071\"><span style=\"color: #3366ff;\"><strong>Mapa da Regi\u00e3o<\/strong><\/span><\/a><\/p>\n\t\t<div id=\"maps-marker-pro-3e36ae01\" class=\"maps-marker-pro\" style=\"width: 100%;\">\r\n\t\t\t<div id=\"mmp-map-wrap-3e36ae01\" class=\"mmp-map-wrap\">\r\n\t\t\t\t\t\t\t\t\t<div id=\"mmp-panel-3e36ae01\" class=\"mmp-panel\"><\/div>\r\n\t\t\t\t\t\t\t\t<div id=\"mmp-map-3e36ae01\" class=\"mmp-map\" style=\"height: 480px;\"><\/div>\r\n\t\t\t\t\t\t\t<\/div>\r\n\t\t\t\t\t<\/div>\r\n\t\t\n","protected":false},"excerpt":{"rendered":"<p>&#8216;A Rocha dos Bord\u00f5es \u00e9 uma forma\u00e7\u00e3o geol\u00f3gica, caracterizada por enormes colunas de basalto, localizado no s\u00edtio denominado por Cabo Baixo das Casas, na freguesia do Mosteiro, concelho das Lajes das Flores.&#8217; &#8211;\u00a0in geocaching Mapa da Regi\u00e3o<\/p>\n","protected":false},"author":4,"featured_media":0,"parent":0,"menu_order":0,"comment_status":"closed","ping_status":"open","template":"","meta":{"footnotes":""},"class_list":["post-4580","page","type-page","status-publish","hentry"],"ams_acf":[],"_links":{"self":[{"href":"https:\/\/portugalnomapa.com\/index.php\/wp-json\/wp\/v2\/pages\/4580"}],"collection":[{"href":"https:\/\/portugalnomapa.com\/index.php\/wp-json\/wp\/v2\/pages"}],"about":[{"href":"https:\/\/portugalnomapa.com\/index.php\/wp-json\/wp\/v2\/types\/page"}],"author":[{"embeddable":true,"href":"https:\/\/portugalnomapa.com\/index.php\/wp-json\/wp\/v2\/users\/4"}],"replies":[{"embeddable":true,"href":"https:\/\/portugalnomapa.com\/index.php\/wp-json\/wp\/v2\/comments?post=4580"}],"version-history":[{"count":4,"href":"https:\/\/portugalnomapa.com\/index.php\/wp-json\/wp\/v2\/pages\/4580\/revisions"}],"predecessor-version":[{"id":11745,"href":"https:\/\/portugalnomapa.com\/index.php\/wp-json\/wp\/v2\/pages\/4580\/revisions\/11745"}],"wp:attachment":[{"href":"https:\/\/portugalnomapa.com\/index.php\/wp-json\/wp\/v2\/media?parent=4580"}],"curies":[{"name":"wp","href":"https:\/\/api.w.org\/{rel}","templated":true}]}}