{"id":4446,"date":"2020-06-10T19:00:04","date_gmt":"2020-06-10T19:00:04","guid":{"rendered":"https:\/\/portugalnomapa.com\/index.php\/pacos-do-concelho-praia-da-vitoria\/"},"modified":"2020-06-11T16:39:43","modified_gmt":"2020-06-11T16:39:43","slug":"pacos-do-concelho-praia-da-vitoria","status":"publish","type":"page","link":"https:\/\/portugalnomapa.com\/index.php\/pacos-do-concelho-praia-da-vitoria\/","title":{"rendered":"Pa\u00e7os do Concelho (Praia da Vit\u00f3ria)"},"content":{"rendered":"<p style=\"text-align: justify\">&#8216;O edif\u00edcio dos Pa\u00e7os do Concelho (C\u00e2mara Municipal da Praia da Vit\u00f3ria) localiza-se ao Largo Francisco Ornelas da C\u00e2mara na freguesia de Santa Cruz, concelho da Praia da Vit\u00f3ria, na ilha Terceira, nos A\u00e7ores.&#8217; &#8211;\u00a0<em>in wikipedia<\/em><\/p>\n<p style=\"text-align: right\"><a href=\"http:\/\/portugalnomapa.com\/index.php\/ilha-terceira\/?marker=3062\"><span style=\"color: #3366ff\"><strong>Mapa da Regi\u00e3o<\/strong><\/span><\/a><\/p>\n\t\t<div id=\"maps-marker-pro-26f6be7c\" class=\"maps-marker-pro\" style=\"width: 100%;\">\r\n\t\t\t<div id=\"mmp-map-wrap-26f6be7c\" class=\"mmp-map-wrap\">\r\n\t\t\t\t\t\t\t\t\t<div id=\"mmp-panel-26f6be7c\" class=\"mmp-panel\"><\/div>\r\n\t\t\t\t\t\t\t\t<div id=\"mmp-map-26f6be7c\" class=\"mmp-map\" style=\"height: 480px;\"><\/div>\r\n\t\t\t\t\t\t\t<\/div>\r\n\t\t\t\t\t<\/div>\r\n\t\t\n","protected":false},"excerpt":{"rendered":"<p>&#8216;O edif\u00edcio dos Pa\u00e7os do Concelho (C\u00e2mara Municipal da Praia da Vit\u00f3ria) localiza-se ao Largo Francisco Ornelas da C\u00e2mara na freguesia de Santa Cruz, concelho da Praia da Vit\u00f3ria, na ilha Terceira, nos A\u00e7ores.&#8217; &#8211;\u00a0in wikipedia Mapa da Regi\u00e3o<\/p>\n","protected":false},"author":4,"featured_media":0,"parent":0,"menu_order":0,"comment_status":"closed","ping_status":"open","template":"","meta":{"footnotes":""},"class_list":["post-4446","page","type-page","status-publish","hentry"],"ams_acf":[],"_links":{"self":[{"href":"https:\/\/portugalnomapa.com\/index.php\/wp-json\/wp\/v2\/pages\/4446"}],"collection":[{"href":"https:\/\/portugalnomapa.com\/index.php\/wp-json\/wp\/v2\/pages"}],"about":[{"href":"https:\/\/portugalnomapa.com\/index.php\/wp-json\/wp\/v2\/types\/page"}],"author":[{"embeddable":true,"href":"https:\/\/portugalnomapa.com\/index.php\/wp-json\/wp\/v2\/users\/4"}],"replies":[{"embeddable":true,"href":"https:\/\/portugalnomapa.com\/index.php\/wp-json\/wp\/v2\/comments?post=4446"}],"version-history":[{"count":5,"href":"https:\/\/portugalnomapa.com\/index.php\/wp-json\/wp\/v2\/pages\/4446\/revisions"}],"predecessor-version":[{"id":12196,"href":"https:\/\/portugalnomapa.com\/index.php\/wp-json\/wp\/v2\/pages\/4446\/revisions\/12196"}],"wp:attachment":[{"href":"https:\/\/portugalnomapa.com\/index.php\/wp-json\/wp\/v2\/media?parent=4446"}],"curies":[{"name":"wp","href":"https:\/\/api.w.org\/{rel}","templated":true}]}}