{"id":4418,"date":"2020-06-10T18:55:09","date_gmt":"2020-06-10T18:55:09","guid":{"rendered":"https:\/\/portugalnomapa.com\/index.php\/forte-grande-de-sao-mateus-da-calheta\/"},"modified":"2020-06-11T16:25:52","modified_gmt":"2020-06-11T16:25:52","slug":"forte-grande-de-sao-mateus-da-calheta","status":"publish","type":"page","link":"https:\/\/portugalnomapa.com\/index.php\/forte-grande-de-sao-mateus-da-calheta\/","title":{"rendered":"Forte Grande de S\u00e3o Mateus da Calheta"},"content":{"rendered":"<p style=\"text-align: justify\">&#8216;O Forte Grande de S\u00e3o Mateus da Calheta, tamb\u00e9m referido como Forte da Prainha de S\u00e3o Mateus[1], localiza-se na freguesia de S\u00e3o Mateus da Calheta, concelho de Angra do Hero\u00edsmo, na costa sul da ilha Terceira, nos A\u00e7ores.&#8217; &#8211;\u00a0<em>in wikipedia<\/em><\/p>\n<p style=\"text-align: right\"><a href=\"http:\/\/portugalnomapa.com\/index.php\/ilha-terceira\/?marker=3034\"><span style=\"color: #3366ff\"><strong>Mapa da Regi\u00e3o<\/strong><\/span><\/a><\/p>\n\t\t<div id=\"maps-marker-pro-d8609163\" class=\"maps-marker-pro\" style=\"width: 100%;\">\r\n\t\t\t<div id=\"mmp-map-wrap-d8609163\" class=\"mmp-map-wrap\">\r\n\t\t\t\t\t\t\t\t\t<div id=\"mmp-panel-d8609163\" class=\"mmp-panel\"><\/div>\r\n\t\t\t\t\t\t\t\t<div id=\"mmp-map-d8609163\" class=\"mmp-map\" style=\"height: 480px;\"><\/div>\r\n\t\t\t\t\t\t\t<\/div>\r\n\t\t\t\t\t<\/div>\r\n\t\t\n","protected":false},"excerpt":{"rendered":"<p>&#8216;O Forte Grande de S\u00e3o Mateus da Calheta, tamb\u00e9m referido como Forte da Prainha de S\u00e3o Mateus[1], localiza-se na freguesia de S\u00e3o Mateus da Calheta, concelho de Angra do Hero\u00edsmo, na costa sul da ilha Terceira, nos A\u00e7ores.&#8217; &#8211;\u00a0in wikipedia Mapa da Regi\u00e3o<\/p>\n","protected":false},"author":4,"featured_media":0,"parent":0,"menu_order":0,"comment_status":"closed","ping_status":"open","template":"","meta":{"footnotes":""},"class_list":["post-4418","page","type-page","status-publish","hentry"],"ams_acf":[],"_links":{"self":[{"href":"https:\/\/portugalnomapa.com\/index.php\/wp-json\/wp\/v2\/pages\/4418"}],"collection":[{"href":"https:\/\/portugalnomapa.com\/index.php\/wp-json\/wp\/v2\/pages"}],"about":[{"href":"https:\/\/portugalnomapa.com\/index.php\/wp-json\/wp\/v2\/types\/page"}],"author":[{"embeddable":true,"href":"https:\/\/portugalnomapa.com\/index.php\/wp-json\/wp\/v2\/users\/4"}],"replies":[{"embeddable":true,"href":"https:\/\/portugalnomapa.com\/index.php\/wp-json\/wp\/v2\/comments?post=4418"}],"version-history":[{"count":5,"href":"https:\/\/portugalnomapa.com\/index.php\/wp-json\/wp\/v2\/pages\/4418\/revisions"}],"predecessor-version":[{"id":11271,"href":"https:\/\/portugalnomapa.com\/index.php\/wp-json\/wp\/v2\/pages\/4418\/revisions\/11271"}],"wp:attachment":[{"href":"https:\/\/portugalnomapa.com\/index.php\/wp-json\/wp\/v2\/media?parent=4418"}],"curies":[{"name":"wp","href":"https:\/\/api.w.org\/{rel}","templated":true}]}}