{"id":435,"date":"2020-06-10T18:51:47","date_gmt":"2020-06-10T18:51:47","guid":{"rendered":"http:\/\/portugalnomapa.com\/index.php\/distrito-de-santarem\/castelo-de-almourol\/"},"modified":"2020-06-11T16:17:54","modified_gmt":"2020-06-11T16:17:54","slug":"castelo-de-almourol","status":"publish","type":"page","link":"https:\/\/portugalnomapa.com\/index.php\/castelo-de-almourol\/","title":{"rendered":"Castelo de Almourol"},"content":{"rendered":"<p style=\"text-align: justify;\">&#8221;O Castelo de Almourol, no Ribatejo, localiza-se na Freguesia de Praia do Ribatejo, Concelho de Vila Nova da Barquinha, Distrito de Santar\u00e9m, em Portugal, embora a sua localiza\u00e7\u00e3o seja frequentemente atribu\u00edda a Tancos, visto ser a vila de onde se vislumbra melhor&#8217; &#8211;\u00a0<em>in wikipedia<\/em><\/p>\n<p style=\"text-align: right;\"><a href=\"http:\/\/portugalnomapa.com\/index.php\/distrito-de-santarem\/?marker=1504\"><span style=\"color: #3366ff;\"><strong>Mapa da Regi\u00e3o<\/strong><\/span><\/a><\/p>\n\t\t<div id=\"maps-marker-pro-e1600a34\" class=\"maps-marker-pro\" style=\"width: 100%;\">\r\n\t\t\t<div id=\"mmp-map-wrap-e1600a34\" class=\"mmp-map-wrap\">\r\n\t\t\t\t\t\t\t\t\t<div id=\"mmp-panel-e1600a34\" class=\"mmp-panel\"><\/div>\r\n\t\t\t\t\t\t\t\t<div id=\"mmp-map-e1600a34\" class=\"mmp-map\" style=\"height: 480px;\"><\/div>\r\n\t\t\t\t\t\t\t<\/div>\r\n\t\t\t\t\t<\/div>\r\n\t\t\n","protected":false},"excerpt":{"rendered":"<p>&#8221;O Castelo de Almourol, no Ribatejo, localiza-se na Freguesia de Praia do Ribatejo, Concelho de Vila Nova da Barquinha, Distrito de Santar\u00e9m, em Portugal, embora a sua localiza\u00e7\u00e3o seja frequentemente atribu\u00edda a Tancos, visto ser a vila de onde se vislumbra melhor&#8217; &#8211;\u00a0in wikipedia Mapa da Regi\u00e3o<\/p>\n","protected":false},"author":4,"featured_media":0,"parent":0,"menu_order":0,"comment_status":"closed","ping_status":"open","template":"","meta":{"footnotes":""},"class_list":["post-435","page","type-page","status-publish","hentry"],"ams_acf":[],"_links":{"self":[{"href":"https:\/\/portugalnomapa.com\/index.php\/wp-json\/wp\/v2\/pages\/435"}],"collection":[{"href":"https:\/\/portugalnomapa.com\/index.php\/wp-json\/wp\/v2\/pages"}],"about":[{"href":"https:\/\/portugalnomapa.com\/index.php\/wp-json\/wp\/v2\/types\/page"}],"author":[{"embeddable":true,"href":"https:\/\/portugalnomapa.com\/index.php\/wp-json\/wp\/v2\/users\/4"}],"replies":[{"embeddable":true,"href":"https:\/\/portugalnomapa.com\/index.php\/wp-json\/wp\/v2\/comments?post=435"}],"version-history":[{"count":6,"href":"https:\/\/portugalnomapa.com\/index.php\/wp-json\/wp\/v2\/pages\/435\/revisions"}],"predecessor-version":[{"id":10833,"href":"https:\/\/portugalnomapa.com\/index.php\/wp-json\/wp\/v2\/pages\/435\/revisions\/10833"}],"wp:attachment":[{"href":"https:\/\/portugalnomapa.com\/index.php\/wp-json\/wp\/v2\/media?parent=435"}],"curies":[{"name":"wp","href":"https:\/\/api.w.org\/{rel}","templated":true}]}}