{"id":4055,"date":"2020-06-10T18:57:30","date_gmt":"2020-06-10T18:57:30","guid":{"rendered":"https:\/\/portugalnomapa.com\/index.php\/miradouro-da-faja-dos-padres\/"},"modified":"2020-06-10T18:57:32","modified_gmt":"2020-06-10T18:57:32","slug":"miradouro-da-faja-dos-padres","status":"publish","type":"page","link":"https:\/\/portugalnomapa.com\/index.php\/miradouro-da-faja-dos-padres\/","title":{"rendered":"Miradouro da Faj\u00e3 dos Padres"},"content":{"rendered":"<p style=\"text-align: justify;\">&#8216;O miradouro da Faj\u00e3 dos Padres est\u00e1 situado na freguesia da Quinta Grande, no cimo de uma fal\u00e9sia a cerca de 250 m de altitude, proporcionando uma bela vista sobre a Faj\u00e3 dos Padres, \u00e1rea de terra f\u00e9rtil \u00e1 beira-mar onde \u00e9 poss\u00edvel tomar banho nas \u00e1guas cristalinas do mar e degustar deliciosos pratos de peixe e marisco no restaurante local.&#8217; &#8211;\u00a0<em>in www.visitmadeira.pt<\/em><\/p>\n<p style=\"text-align: right;\"><a href=\"http:\/\/portugalnomapa.com\/index.php\/ilha-da-madeira\/?marker=2947\"><span style=\"color: #3366ff;\"><strong>Mapa da Regi\u00e3o<\/strong><\/span><\/a><\/p>\n\t\t<div id=\"maps-marker-pro-f60edc3c\" class=\"maps-marker-pro\" style=\"width: 100%;\">\r\n\t\t\t<div id=\"mmp-map-wrap-f60edc3c\" class=\"mmp-map-wrap\">\r\n\t\t\t\t\t\t\t\t\t<div id=\"mmp-panel-f60edc3c\" class=\"mmp-panel\"><\/div>\r\n\t\t\t\t\t\t\t\t<div id=\"mmp-map-f60edc3c\" class=\"mmp-map\" style=\"height: 480px;\"><\/div>\r\n\t\t\t\t\t\t\t<\/div>\r\n\t\t\t\t\t<\/div>\r\n\t\t\n","protected":false},"excerpt":{"rendered":"<p>&#8216;O miradouro da Faj\u00e3 dos Padres est\u00e1 situado na freguesia da Quinta Grande, no cimo de uma fal\u00e9sia a cerca de 250 m de altitude, proporcionando uma bela vista sobre a Faj\u00e3 dos Padres, \u00e1rea de terra f\u00e9rtil \u00e1 beira-mar onde \u00e9 poss\u00edvel tomar banho nas \u00e1guas cristalinas do mar e degustar deliciosos pratos de&#8230; <\/p>\n<div class=\"link-more\"><a href=\"https:\/\/portugalnomapa.com\/index.php\/miradouro-da-faja-dos-padres\/\">Ler mais<\/a><\/div>\n","protected":false},"author":4,"featured_media":0,"parent":0,"menu_order":0,"comment_status":"open","ping_status":"open","template":"","meta":{"footnotes":""},"class_list":["post-4055","page","type-page","status-publish","hentry"],"ams_acf":[],"_links":{"self":[{"href":"https:\/\/portugalnomapa.com\/index.php\/wp-json\/wp\/v2\/pages\/4055"}],"collection":[{"href":"https:\/\/portugalnomapa.com\/index.php\/wp-json\/wp\/v2\/pages"}],"about":[{"href":"https:\/\/portugalnomapa.com\/index.php\/wp-json\/wp\/v2\/types\/page"}],"author":[{"embeddable":true,"href":"https:\/\/portugalnomapa.com\/index.php\/wp-json\/wp\/v2\/users\/4"}],"replies":[{"embeddable":true,"href":"https:\/\/portugalnomapa.com\/index.php\/wp-json\/wp\/v2\/comments?post=4055"}],"version-history":[{"count":7,"href":"https:\/\/portugalnomapa.com\/index.php\/wp-json\/wp\/v2\/pages\/4055\/revisions"}],"predecessor-version":[{"id":11710,"href":"https:\/\/portugalnomapa.com\/index.php\/wp-json\/wp\/v2\/pages\/4055\/revisions\/11710"}],"wp:attachment":[{"href":"https:\/\/portugalnomapa.com\/index.php\/wp-json\/wp\/v2\/media?parent=4055"}],"curies":[{"name":"wp","href":"https:\/\/api.w.org\/{rel}","templated":true}]}}