{"id":3855,"date":"2020-06-10T18:55:23","date_gmt":"2020-06-10T18:55:23","guid":{"rendered":"https:\/\/portugalnomapa.com\/?page_id=3855"},"modified":"2020-06-11T16:25:53","modified_gmt":"2020-06-11T16:25:53","slug":"idanha-a-velha","status":"publish","type":"page","link":"https:\/\/portugalnomapa.com\/index.php\/idanha-a-velha\/","title":{"rendered":"Idanha a Velha"},"content":{"rendered":"<p style=\"text-align: justify;\">&#8216;Idanha-a-Velha pequena aldeia de ambiente pitoresco, pelo not\u00e1vel conjunto de ru\u00ednas que conserva, ocupa um lugar de realce no contexto das esta\u00e7\u00f5es arqueol\u00f3gicas do Pa\u00eds.&#8217; &#8211;\u00a0<em>in aldeiashistoricasdeportugal.com<\/em><\/p>\n<p style=\"text-align: right;\"><a href=\"http:\/\/portugalnomapa.com\/index.php\/distrito-de-castelo-branco\/?marker=2870\"><span style=\"color: #3366ff;\"><strong>Mapa da Regi\u00e3o<\/strong><\/span><\/a><\/p>\n\t\t<div id=\"maps-marker-pro-62854748\" class=\"maps-marker-pro\" style=\"width: 100%;\">\r\n\t\t\t<div id=\"mmp-map-wrap-62854748\" class=\"mmp-map-wrap\">\r\n\t\t\t\t\t\t\t\t\t<div id=\"mmp-panel-62854748\" class=\"mmp-panel\"><\/div>\r\n\t\t\t\t\t\t\t\t<div id=\"mmp-map-62854748\" class=\"mmp-map\" style=\"height: 480px;\"><\/div>\r\n\t\t\t\t\t\t\t<\/div>\r\n\t\t\t\t\t<\/div>\r\n\t\t\n","protected":false},"excerpt":{"rendered":"<p>&#8216;Idanha-a-Velha pequena aldeia de ambiente pitoresco, pelo not\u00e1vel conjunto de ru\u00ednas que conserva, ocupa um lugar de realce no contexto das esta\u00e7\u00f5es arqueol\u00f3gicas do Pa\u00eds.&#8217; &#8211;\u00a0in aldeiashistoricasdeportugal.com Mapa da Regi\u00e3o<\/p>\n","protected":false},"author":4,"featured_media":0,"parent":0,"menu_order":0,"comment_status":"closed","ping_status":"open","template":"","meta":{"footnotes":""},"class_list":["post-3855","page","type-page","status-publish","hentry"],"ams_acf":[],"_links":{"self":[{"href":"https:\/\/portugalnomapa.com\/index.php\/wp-json\/wp\/v2\/pages\/3855"}],"collection":[{"href":"https:\/\/portugalnomapa.com\/index.php\/wp-json\/wp\/v2\/pages"}],"about":[{"href":"https:\/\/portugalnomapa.com\/index.php\/wp-json\/wp\/v2\/types\/page"}],"author":[{"embeddable":true,"href":"https:\/\/portugalnomapa.com\/index.php\/wp-json\/wp\/v2\/users\/4"}],"replies":[{"embeddable":true,"href":"https:\/\/portugalnomapa.com\/index.php\/wp-json\/wp\/v2\/comments?post=3855"}],"version-history":[{"count":6,"href":"https:\/\/portugalnomapa.com\/index.php\/wp-json\/wp\/v2\/pages\/3855\/revisions"}],"predecessor-version":[{"id":11310,"href":"https:\/\/portugalnomapa.com\/index.php\/wp-json\/wp\/v2\/pages\/3855\/revisions\/11310"}],"wp:attachment":[{"href":"https:\/\/portugalnomapa.com\/index.php\/wp-json\/wp\/v2\/media?parent=3855"}],"curies":[{"name":"wp","href":"https:\/\/api.w.org\/{rel}","templated":true}]}}