{"id":3825,"date":"2020-06-10T18:51:28","date_gmt":"2020-06-10T18:51:28","guid":{"rendered":"https:\/\/portugalnomapa.com\/?page_id=3825"},"modified":"2020-06-11T16:17:53","modified_gmt":"2020-06-11T16:17:53","slug":"casal-de-sao-simao","status":"publish","type":"page","link":"https:\/\/portugalnomapa.com\/index.php\/casal-de-sao-simao\/","title":{"rendered":"Casal de S\u00e3o Sim\u00e3o"},"content":{"rendered":"<p style=\"text-align: justify;\">&#8216;Nesta aldeia h\u00e1 um novo sentir coletivo feito de pessoas que recuperaram as casas com as suas pr\u00f3prias m\u00e3os.&#8217; &#8211;\u00a0<em>in aldeiasdoxisto.pt<\/em><\/p>\n<p style=\"text-align: right;\"><a href=\"http:\/\/portugalnomapa.com\/index.php\/distrito-de-leiria\/?marker=2866\"><span style=\"color: #3366ff;\"><strong>Mapa da Regi\u00e3o<\/strong><\/span><\/a><\/p>\n\t\t<div id=\"maps-marker-pro-f4b9b30b\" class=\"maps-marker-pro\" style=\"width: 100%;\">\r\n\t\t\t<div id=\"mmp-map-wrap-f4b9b30b\" class=\"mmp-map-wrap\">\r\n\t\t\t\t\t\t\t\t\t<div id=\"mmp-panel-f4b9b30b\" class=\"mmp-panel\"><\/div>\r\n\t\t\t\t\t\t\t\t<div id=\"mmp-map-f4b9b30b\" class=\"mmp-map\" style=\"height: 480px;\"><\/div>\r\n\t\t\t\t\t\t\t<\/div>\r\n\t\t\t\t\t<\/div>\r\n\t\t\n","protected":false},"excerpt":{"rendered":"<p>&#8216;Nesta aldeia h\u00e1 um novo sentir coletivo feito de pessoas que recuperaram as casas com as suas pr\u00f3prias m\u00e3os.&#8217; &#8211;\u00a0in aldeiasdoxisto.pt Mapa da Regi\u00e3o<\/p>\n","protected":false},"author":4,"featured_media":0,"parent":0,"menu_order":0,"comment_status":"closed","ping_status":"open","template":"","meta":{"footnotes":""},"class_list":["post-3825","page","type-page","status-publish","hentry"],"ams_acf":[],"_links":{"self":[{"href":"https:\/\/portugalnomapa.com\/index.php\/wp-json\/wp\/v2\/pages\/3825"}],"collection":[{"href":"https:\/\/portugalnomapa.com\/index.php\/wp-json\/wp\/v2\/pages"}],"about":[{"href":"https:\/\/portugalnomapa.com\/index.php\/wp-json\/wp\/v2\/types\/page"}],"author":[{"embeddable":true,"href":"https:\/\/portugalnomapa.com\/index.php\/wp-json\/wp\/v2\/users\/4"}],"replies":[{"embeddable":true,"href":"https:\/\/portugalnomapa.com\/index.php\/wp-json\/wp\/v2\/comments?post=3825"}],"version-history":[{"count":6,"href":"https:\/\/portugalnomapa.com\/index.php\/wp-json\/wp\/v2\/pages\/3825\/revisions"}],"predecessor-version":[{"id":10797,"href":"https:\/\/portugalnomapa.com\/index.php\/wp-json\/wp\/v2\/pages\/3825\/revisions\/10797"}],"wp:attachment":[{"href":"https:\/\/portugalnomapa.com\/index.php\/wp-json\/wp\/v2\/media?parent=3825"}],"curies":[{"name":"wp","href":"https:\/\/api.w.org\/{rel}","templated":true}]}}