{"id":312,"date":"2020-06-10T18:55:35","date_gmt":"2020-06-10T18:55:35","guid":{"rendered":"http:\/\/portugalnomapa.com\/index.php\/distrito-de-portalegre\/igreja-de-nossa-senhora-da-conceicao\/"},"modified":"2020-06-11T16:26:34","modified_gmt":"2020-06-11T16:26:34","slug":"igreja-de-nossa-senhora-da-conceicao","status":"publish","type":"page","link":"https:\/\/portugalnomapa.com\/index.php\/igreja-de-nossa-senhora-da-conceicao\/","title":{"rendered":"Igreja de Nossa Senhora da Concei\u00e7\u00e3o"},"content":{"rendered":"<p><img decoding=\"async\" class=\"aligncenter\" src=\"https:\/\/upload.wikimedia.org\/wikipedia\/commons\/9\/98\/Igreja_Conceicao_Monforte_1.jpg\" width=\"100%\" height=\"100%\" \/>&#8216;A Igreja de Nossa Senhora da Concei\u00e7\u00e3o, no Alto Alentejo, localiza-se na freguesia e concelho de Monforte, no distrito de Portalegre, em Portugal.<\/p>\n<p>Foi edificada entre os finais do s\u00e9culo XVI e come\u00e7o do s\u00e9culo XVII, uma vez que a primeira refer\u00eancia documental que conhecemos desta igreja, diz respeito \u00e0 Confraria de Nossa Senhora da Concei\u00e7\u00e3o (1636. Pouco depois, em 1642 surge o processo documental relativo \u00e0 institui\u00e7\u00e3o de uma capela a Manuel Gil, no interior da Igreja de Nossa Senhora da Concei\u00e7\u00e3o, fora dos muros da Vila de Monforte.<\/p>\n<p>Ao longo da sua exist\u00eancia sofreu v\u00e1rias interven\u00e7\u00f5es de repara\u00e7\u00e3o e manuten\u00e7\u00e3o que se podem agrupar em dois per\u00edodos cronol\u00f3gicos:&#8217;<\/p>\n<p><strong>(+):<\/strong> <a href=\"https:\/\/pt.wikipedia.org\/wiki\/Igreja_de_Nossa_Senhora_da_Concei%C3%A7%C3%A3o_(Monforte)\">https:\/\/pt.wikipedia.org\/wiki\/Igreja_de_Nossa_Senhora_da_Concei%C3%A7%C3%A3o_(Monforte)<\/a><\/p>\n<p><strong>imagem:<\/strong> <a href=\"https:\/\/upload.wikimedia.org\/wikipedia\/commons\/9\/98\/Igreja_Conceicao_Monforte_1.jpg\">https:\/\/upload.wikimedia.org\/wikipedia\/commons\/9\/98\/Igreja_Conceicao_Monforte_1.jpg<\/a><\/p>\n<p style=\"text-align: right;\"><a href=\"http:\/\/portugalnomapa.com\/index.php\/distrito-de-leiria\/?marker=1303\"><span style=\"color: #3366ff;\"><strong>Voltar ao mapa<\/strong><\/span><\/a><\/p>\n","protected":false},"excerpt":{"rendered":"<p>&#8216;A Igreja de Nossa Senhora da Concei\u00e7\u00e3o, no Alto Alentejo, localiza-se na freguesia e concelho de Monforte, no distrito de Portalegre, em Portugal. Foi edificada entre os finais do s\u00e9culo XVI e come\u00e7o do s\u00e9culo XVII, uma vez que a primeira refer\u00eancia documental que conhecemos desta igreja, diz respeito \u00e0 Confraria de Nossa Senhora da&#8230; <\/p>\n<div class=\"link-more\"><a href=\"https:\/\/portugalnomapa.com\/index.php\/igreja-de-nossa-senhora-da-conceicao\/\">Ler mais<\/a><\/div>\n","protected":false},"author":4,"featured_media":0,"parent":0,"menu_order":0,"comment_status":"closed","ping_status":"open","template":"","meta":{"footnotes":""},"class_list":["post-312","page","type-page","status-publish","hentry"],"ams_acf":[],"_links":{"self":[{"href":"https:\/\/portugalnomapa.com\/index.php\/wp-json\/wp\/v2\/pages\/312"}],"collection":[{"href":"https:\/\/portugalnomapa.com\/index.php\/wp-json\/wp\/v2\/pages"}],"about":[{"href":"https:\/\/portugalnomapa.com\/index.php\/wp-json\/wp\/v2\/types\/page"}],"author":[{"embeddable":true,"href":"https:\/\/portugalnomapa.com\/index.php\/wp-json\/wp\/v2\/users\/4"}],"replies":[{"embeddable":true,"href":"https:\/\/portugalnomapa.com\/index.php\/wp-json\/wp\/v2\/comments?post=312"}],"version-history":[{"count":2,"href":"https:\/\/portugalnomapa.com\/index.php\/wp-json\/wp\/v2\/pages\/312\/revisions"}],"predecessor-version":[{"id":9026,"href":"https:\/\/portugalnomapa.com\/index.php\/wp-json\/wp\/v2\/pages\/312\/revisions\/9026"}],"wp:attachment":[{"href":"https:\/\/portugalnomapa.com\/index.php\/wp-json\/wp\/v2\/media?parent=312"}],"curies":[{"name":"wp","href":"https:\/\/api.w.org\/{rel}","templated":true}]}}