{"id":308,"date":"2020-06-10T18:54:57","date_gmt":"2020-06-10T18:54:57","guid":{"rendered":"http:\/\/portugalnomapa.com\/index.php\/distrito-de-portalegre\/forte-de-nossa-senhora-da-graca\/"},"modified":"2020-06-11T16:25:51","modified_gmt":"2020-06-11T16:25:51","slug":"forte-de-nossa-senhora-da-graca","status":"publish","type":"page","link":"https:\/\/portugalnomapa.com\/index.php\/forte-de-nossa-senhora-da-graca\/","title":{"rendered":"Forte de Nossa Senhora da Gra\u00e7a"},"content":{"rendered":"<p style=\"text-align: justify;\">&#8221;O Forte de Nossa Senhora da Gra\u00e7a, oficialmente denominado como Forte Conde de Lippe, no Alentejo, localiza-se na freguesia da Alc\u00e1\u00e7ova, a cerca de um quil\u00f3metro a norte da cidade de Elvas, concelho de mesmo nome, distrito de Portalegre, em Portugal&#8217; &#8211;\u00a0<em>in wikipedia<\/em><\/p>\n<p style=\"text-align: right;\"><a href=\"http:\/\/portugalnomapa.com\/index.php\/distrito-de-portalegre\/?marker=1299\"><span style=\"color: #3366ff;\"><strong>Mapa da Regi\u00e3o<\/strong><\/span><\/a><\/p>\n\t\t<div id=\"maps-marker-pro-1339debb\" class=\"maps-marker-pro\" style=\"width: 100%;\">\r\n\t\t\t<div id=\"mmp-map-wrap-1339debb\" class=\"mmp-map-wrap\">\r\n\t\t\t\t\t\t\t\t\t<div id=\"mmp-panel-1339debb\" class=\"mmp-panel\"><\/div>\r\n\t\t\t\t\t\t\t\t<div id=\"mmp-map-1339debb\" class=\"mmp-map\" style=\"height: 480px;\"><\/div>\r\n\t\t\t\t\t\t\t<\/div>\r\n\t\t\t\t\t<\/div>\r\n\t\t\n","protected":false},"excerpt":{"rendered":"<p>&#8221;O Forte de Nossa Senhora da Gra\u00e7a, oficialmente denominado como Forte Conde de Lippe, no Alentejo, localiza-se na freguesia da Alc\u00e1\u00e7ova, a cerca de um quil\u00f3metro a norte da cidade de Elvas, concelho de mesmo nome, distrito de Portalegre, em Portugal&#8217; &#8211;\u00a0in wikipedia Mapa da Regi\u00e3o<\/p>\n","protected":false},"author":4,"featured_media":0,"parent":0,"menu_order":0,"comment_status":"closed","ping_status":"open","template":"","meta":{"footnotes":""},"class_list":["post-308","page","type-page","status-publish","hentry"],"ams_acf":[],"_links":{"self":[{"href":"https:\/\/portugalnomapa.com\/index.php\/wp-json\/wp\/v2\/pages\/308"}],"collection":[{"href":"https:\/\/portugalnomapa.com\/index.php\/wp-json\/wp\/v2\/pages"}],"about":[{"href":"https:\/\/portugalnomapa.com\/index.php\/wp-json\/wp\/v2\/types\/page"}],"author":[{"embeddable":true,"href":"https:\/\/portugalnomapa.com\/index.php\/wp-json\/wp\/v2\/users\/4"}],"replies":[{"embeddable":true,"href":"https:\/\/portugalnomapa.com\/index.php\/wp-json\/wp\/v2\/comments?post=308"}],"version-history":[{"count":4,"href":"https:\/\/portugalnomapa.com\/index.php\/wp-json\/wp\/v2\/pages\/308\/revisions"}],"predecessor-version":[{"id":11237,"href":"https:\/\/portugalnomapa.com\/index.php\/wp-json\/wp\/v2\/pages\/308\/revisions\/11237"}],"wp:attachment":[{"href":"https:\/\/portugalnomapa.com\/index.php\/wp-json\/wp\/v2\/media?parent=308"}],"curies":[{"name":"wp","href":"https:\/\/api.w.org\/{rel}","templated":true}]}}