{"id":2116,"date":"2020-06-10T19:01:30","date_gmt":"2020-06-10T19:01:30","guid":{"rendered":"http:\/\/portugalnomapa.com\/index.php\/distrito-de-viana-do-castelo\/ponte-nova-da-cava-da-velha\/"},"modified":"2020-06-11T16:42:11","modified_gmt":"2020-06-11T16:42:11","slug":"ponte-nova-da-cava-da-velha","status":"publish","type":"page","link":"https:\/\/portugalnomapa.com\/index.php\/ponte-nova-da-cava-da-velha\/","title":{"rendered":"Ponte Nova da Cava da Velha"},"content":{"rendered":"<p style=\"text-align: justify\">&#8216;A Ponte Nova, ponte da Cavada Velha ou como tamb\u00e9m \u00e9 referida, ponte da Cava da Velha, \u00e9 uma ponte romana em Portugal, sobre o rio Castro Laboreiro, no per\u00edmetro do Parque Nacional da Peneda-Ger\u00eas, localizada nas proximidades da inverneira de Assureira, 3&#160;km a Sul de Castro Laboreiro, concelho de Melga\u00e7o, distrito de Viana do Castelo.&#8217; &#8211;\u00a0<em>in wikipedia<\/em><\/p>\n<p style=\"text-align: right\"><a href=\"http:\/\/portugalnomapa.com\/index.php\/distrito-de-viana-do-castelo\/?marker=2776\"><span style=\"color: #3366ff\"><strong>Mapa da Regi\u00e3o<\/strong><\/span><\/a><\/p>\n\t\t<div id=\"maps-marker-pro-c71d8716\" class=\"maps-marker-pro\" style=\"width: 100%;\">\r\n\t\t\t<div id=\"mmp-map-wrap-c71d8716\" class=\"mmp-map-wrap\">\r\n\t\t\t\t\t\t\t\t\t<div id=\"mmp-panel-c71d8716\" class=\"mmp-panel\"><\/div>\r\n\t\t\t\t\t\t\t\t<div id=\"mmp-map-c71d8716\" class=\"mmp-map\" style=\"height: 480px;\"><\/div>\r\n\t\t\t\t\t\t\t<\/div>\r\n\t\t\t\t\t<\/div>\r\n\t\t\n","protected":false},"excerpt":{"rendered":"<p>&#8216;A Ponte Nova, ponte da Cavada Velha ou como tamb\u00e9m \u00e9 referida, ponte da Cava da Velha, \u00e9 uma ponte romana em Portugal, sobre o rio Castro Laboreiro, no per\u00edmetro do Parque Nacional da Peneda-Ger\u00eas, localizada nas proximidades da inverneira de Assureira, 3&#160;km a Sul de Castro Laboreiro, concelho de Melga\u00e7o, distrito de Viana do&#8230; <\/p>\n<div class=\"link-more\"><a href=\"https:\/\/portugalnomapa.com\/index.php\/ponte-nova-da-cava-da-velha\/\">Ler mais<\/a><\/div>\n","protected":false},"author":4,"featured_media":0,"parent":0,"menu_order":0,"comment_status":"closed","ping_status":"open","template":"","meta":{"footnotes":""},"class_list":["post-2116","page","type-page","status-publish","hentry"],"ams_acf":[],"_links":{"self":[{"href":"https:\/\/portugalnomapa.com\/index.php\/wp-json\/wp\/v2\/pages\/2116"}],"collection":[{"href":"https:\/\/portugalnomapa.com\/index.php\/wp-json\/wp\/v2\/pages"}],"about":[{"href":"https:\/\/portugalnomapa.com\/index.php\/wp-json\/wp\/v2\/types\/page"}],"author":[{"embeddable":true,"href":"https:\/\/portugalnomapa.com\/index.php\/wp-json\/wp\/v2\/users\/4"}],"replies":[{"embeddable":true,"href":"https:\/\/portugalnomapa.com\/index.php\/wp-json\/wp\/v2\/comments?post=2116"}],"version-history":[{"count":4,"href":"https:\/\/portugalnomapa.com\/index.php\/wp-json\/wp\/v2\/pages\/2116\/revisions"}],"predecessor-version":[{"id":12451,"href":"https:\/\/portugalnomapa.com\/index.php\/wp-json\/wp\/v2\/pages\/2116\/revisions\/12451"}],"wp:attachment":[{"href":"https:\/\/portugalnomapa.com\/index.php\/wp-json\/wp\/v2\/media?parent=2116"}],"curies":[{"name":"wp","href":"https:\/\/api.w.org\/{rel}","templated":true}]}}