{"id":2103,"date":"2020-06-10T19:01:01","date_gmt":"2020-06-10T19:01:01","guid":{"rendered":"http:\/\/portugalnomapa.com\/index.php\/distrito-de-viana-do-castelo\/pelourinho-de-soajo\/"},"modified":"2020-06-11T16:41:37","modified_gmt":"2020-06-11T16:41:37","slug":"pelourinho-de-soajo","status":"publish","type":"page","link":"https:\/\/portugalnomapa.com\/index.php\/pelourinho-de-soajo\/","title":{"rendered":"Pelourinho de Soajo"},"content":{"rendered":"<p style=\"text-align: justify\">&#8216;Aponta-se para que a sua constru\u00e7\u00e3o tenha ocorrido no in\u00edcio do s\u00e9culo XVI (D.&#8217; &#8211;\u00a0<em>in wikipedia<\/em><\/p>\n<p style=\"text-align: right\"><a href=\"http:\/\/portugalnomapa.com\/index.php\/distrito-de-viana-do-castelo\/?marker=2763\"><span style=\"color: #3366ff\"><strong>Mapa da Regi\u00e3o<\/strong><\/span><\/a><\/p>\n\t\t<div id=\"maps-marker-pro-7bb30e2d\" class=\"maps-marker-pro\" style=\"width: 100%;\">\r\n\t\t\t<div id=\"mmp-map-wrap-7bb30e2d\" class=\"mmp-map-wrap\">\r\n\t\t\t\t\t\t\t\t\t<div id=\"mmp-panel-7bb30e2d\" class=\"mmp-panel\"><\/div>\r\n\t\t\t\t\t\t\t\t<div id=\"mmp-map-7bb30e2d\" class=\"mmp-map\" style=\"height: 480px;\"><\/div>\r\n\t\t\t\t\t\t\t<\/div>\r\n\t\t\t\t\t<\/div>\r\n\t\t\n","protected":false},"excerpt":{"rendered":"<p>&#8216;Aponta-se para que a sua constru\u00e7\u00e3o tenha ocorrido no in\u00edcio do s\u00e9culo XVI (D.&#8217; &#8211;\u00a0in wikipedia Mapa da Regi\u00e3o<\/p>\n","protected":false},"author":4,"featured_media":0,"parent":0,"menu_order":0,"comment_status":"closed","ping_status":"open","template":"","meta":{"footnotes":""},"class_list":["post-2103","page","type-page","status-publish","hentry"],"ams_acf":[],"_links":{"self":[{"href":"https:\/\/portugalnomapa.com\/index.php\/wp-json\/wp\/v2\/pages\/2103"}],"collection":[{"href":"https:\/\/portugalnomapa.com\/index.php\/wp-json\/wp\/v2\/pages"}],"about":[{"href":"https:\/\/portugalnomapa.com\/index.php\/wp-json\/wp\/v2\/types\/page"}],"author":[{"embeddable":true,"href":"https:\/\/portugalnomapa.com\/index.php\/wp-json\/wp\/v2\/users\/4"}],"replies":[{"embeddable":true,"href":"https:\/\/portugalnomapa.com\/index.php\/wp-json\/wp\/v2\/comments?post=2103"}],"version-history":[{"count":5,"href":"https:\/\/portugalnomapa.com\/index.php\/wp-json\/wp\/v2\/pages\/2103\/revisions"}],"predecessor-version":[{"id":12381,"href":"https:\/\/portugalnomapa.com\/index.php\/wp-json\/wp\/v2\/pages\/2103\/revisions\/12381"}],"wp:attachment":[{"href":"https:\/\/portugalnomapa.com\/index.php\/wp-json\/wp\/v2\/media?parent=2103"}],"curies":[{"name":"wp","href":"https:\/\/api.w.org\/{rel}","templated":true}]}}