{"id":1835,"date":"2020-06-10T18:54:02","date_gmt":"2020-06-10T18:54:02","guid":{"rendered":"http:\/\/portugalnomapa.com\/index.php\/distrito-de-lisboa\/edificio-da-torre-do-tombo\/"},"modified":"2020-06-11T16:23:25","modified_gmt":"2020-06-11T16:23:25","slug":"edificio-da-torre-do-tombo","status":"publish","type":"page","link":"https:\/\/portugalnomapa.com\/index.php\/edificio-da-torre-do-tombo\/","title":{"rendered":"Edif\u00edcio da Torre do Tombo"},"content":{"rendered":"<p style=\"text-align: justify\">&#8216;Arquivo Nacional Torre do Tombo<\/p>\n<p>O Arquivo Nacional Torre do Tombo (ANTT), o Arquivo Nacional antigamente designado por Arquivo Geral do Reino, popularmente referido apenas como Torre do Tombo, \u00e9 uma unidade org\u00e2nica nuclear da Dire\u00e7\u00e3o-Geral do Livro, dos Arquivos e das Bibliotecas que se constitui como arquivo central do Estado Portugu\u00eas desde a Idade M\u00e9dia, tendo os seus primeiros Guardas-Mores sido, tamb\u00e9m, Cronistas-Mores do Reino.&#8217; &#8211;\u00a0<em>in wikipedia<\/em><\/p>\n<p style=\"text-align: right\"><a href=\"http:\/\/portugalnomapa.com\/index.php\/lisboa---cidade\/?marker=2620\"><span style=\"color: #3366ff\"><strong>Mapa da Regi\u00e3o<\/strong><\/span><\/a><\/p>\n\t\t<div id=\"maps-marker-pro-9d6cce75\" class=\"maps-marker-pro\" style=\"width: 100%;\">\r\n\t\t\t<div id=\"mmp-map-wrap-9d6cce75\" class=\"mmp-map-wrap\">\r\n\t\t\t\t\t\t\t\t\t<div id=\"mmp-panel-9d6cce75\" class=\"mmp-panel\"><\/div>\r\n\t\t\t\t\t\t\t\t<div id=\"mmp-map-9d6cce75\" class=\"mmp-map\" style=\"height: 480px;\"><\/div>\r\n\t\t\t\t\t\t\t<\/div>\r\n\t\t\t\t\t<\/div>\r\n\t\t\n","protected":false},"excerpt":{"rendered":"<p>&#8216;Arquivo Nacional Torre do Tombo O Arquivo Nacional Torre do Tombo (ANTT), o Arquivo Nacional antigamente designado por Arquivo Geral do Reino, popularmente referido apenas como Torre do Tombo, \u00e9 uma unidade org\u00e2nica nuclear da Dire\u00e7\u00e3o-Geral do Livro, dos Arquivos e das Bibliotecas que se constitui como arquivo central do Estado Portugu\u00eas desde a Idade&#8230; <\/p>\n<div class=\"link-more\"><a href=\"https:\/\/portugalnomapa.com\/index.php\/edificio-da-torre-do-tombo\/\">Ler mais<\/a><\/div>\n","protected":false},"author":4,"featured_media":0,"parent":0,"menu_order":0,"comment_status":"closed","ping_status":"open","template":"","meta":{"footnotes":""},"class_list":["post-1835","page","type-page","status-publish","hentry"],"ams_acf":[],"_links":{"self":[{"href":"https:\/\/portugalnomapa.com\/index.php\/wp-json\/wp\/v2\/pages\/1835"}],"collection":[{"href":"https:\/\/portugalnomapa.com\/index.php\/wp-json\/wp\/v2\/pages"}],"about":[{"href":"https:\/\/portugalnomapa.com\/index.php\/wp-json\/wp\/v2\/types\/page"}],"author":[{"embeddable":true,"href":"https:\/\/portugalnomapa.com\/index.php\/wp-json\/wp\/v2\/users\/4"}],"replies":[{"embeddable":true,"href":"https:\/\/portugalnomapa.com\/index.php\/wp-json\/wp\/v2\/comments?post=1835"}],"version-history":[{"count":5,"href":"https:\/\/portugalnomapa.com\/index.php\/wp-json\/wp\/v2\/pages\/1835\/revisions"}],"predecessor-version":[{"id":11104,"href":"https:\/\/portugalnomapa.com\/index.php\/wp-json\/wp\/v2\/pages\/1835\/revisions\/11104"}],"wp:attachment":[{"href":"https:\/\/portugalnomapa.com\/index.php\/wp-json\/wp\/v2\/media?parent=1835"}],"curies":[{"name":"wp","href":"https:\/\/api.w.org\/{rel}","templated":true}]}}