{"id":1818,"date":"2020-06-10T18:50:06","date_gmt":"2020-06-10T18:50:06","guid":{"rendered":"http:\/\/portugalnomapa.com\/index.php\/distrito-de-lisboa\/aqueduto-das-aguas-livres\/"},"modified":"2020-06-11T16:15:39","modified_gmt":"2020-06-11T16:15:39","slug":"aqueduto-das-aguas-livres","status":"publish","type":"page","link":"https:\/\/portugalnomapa.com\/index.php\/aqueduto-das-aguas-livres\/","title":{"rendered":"Aqueduto das \u00c1guas Livres"},"content":{"rendered":"<p style=\"text-align: justify\">&#8216;O Aqueduto das \u00c1guas Livres \u00e9 um complexo sistema de capta\u00e7\u00e3o, adu\u00e7\u00e3o e distribui\u00e7\u00e3o de \u00e1gua \u00e0 cidade de Lisboa, em Portugal, e que tem como obra mais emblem\u00e1tica a grandiosa arcaria em cantaria que se ergue sobre o vale de Alc\u00e2ntara, um dos bilhetes postais de Lisboa.&#8217; &#8211;\u00a0<em>in wikipedia<\/em><\/p>\n<p style=\"text-align: right\"><a href=\"http:\/\/portugalnomapa.com\/index.php\/lisboa---cidade\/?marker=2603\"><span style=\"color: #3366ff\"><strong>Mapa da Regi\u00e3o<\/strong><\/span><\/a><\/p>\n\t\t<div id=\"maps-marker-pro-20840a08\" class=\"maps-marker-pro\" style=\"width: 100%;\">\r\n\t\t\t<div id=\"mmp-map-wrap-20840a08\" class=\"mmp-map-wrap\">\r\n\t\t\t\t\t\t\t\t\t<div id=\"mmp-panel-20840a08\" class=\"mmp-panel\"><\/div>\r\n\t\t\t\t\t\t\t\t<div id=\"mmp-map-20840a08\" class=\"mmp-map\" style=\"height: 480px;\"><\/div>\r\n\t\t\t\t\t\t\t<\/div>\r\n\t\t\t\t\t<\/div>\r\n\t\t\n","protected":false},"excerpt":{"rendered":"<p>&#8216;O Aqueduto das \u00c1guas Livres \u00e9 um complexo sistema de capta\u00e7\u00e3o, adu\u00e7\u00e3o e distribui\u00e7\u00e3o de \u00e1gua \u00e0 cidade de Lisboa, em Portugal, e que tem como obra mais emblem\u00e1tica a grandiosa arcaria em cantaria que se ergue sobre o vale de Alc\u00e2ntara, um dos bilhetes postais de Lisboa.&#8217; &#8211;\u00a0in wikipedia Mapa da Regi\u00e3o<\/p>\n","protected":false},"author":4,"featured_media":0,"parent":0,"menu_order":0,"comment_status":"closed","ping_status":"open","template":"","meta":{"footnotes":""},"class_list":["post-1818","page","type-page","status-publish","hentry"],"ams_acf":[],"_links":{"self":[{"href":"https:\/\/portugalnomapa.com\/index.php\/wp-json\/wp\/v2\/pages\/1818"}],"collection":[{"href":"https:\/\/portugalnomapa.com\/index.php\/wp-json\/wp\/v2\/pages"}],"about":[{"href":"https:\/\/portugalnomapa.com\/index.php\/wp-json\/wp\/v2\/types\/page"}],"author":[{"embeddable":true,"href":"https:\/\/portugalnomapa.com\/index.php\/wp-json\/wp\/v2\/users\/4"}],"replies":[{"embeddable":true,"href":"https:\/\/portugalnomapa.com\/index.php\/wp-json\/wp\/v2\/comments?post=1818"}],"version-history":[{"count":7,"href":"https:\/\/portugalnomapa.com\/index.php\/wp-json\/wp\/v2\/pages\/1818\/revisions"}],"predecessor-version":[{"id":10604,"href":"https:\/\/portugalnomapa.com\/index.php\/wp-json\/wp\/v2\/pages\/1818\/revisions\/10604"}],"wp:attachment":[{"href":"https:\/\/portugalnomapa.com\/index.php\/wp-json\/wp\/v2\/media?parent=1818"}],"curies":[{"name":"wp","href":"https:\/\/api.w.org\/{rel}","templated":true}]}}