{"id":1761,"date":"2020-06-10T18:50:40","date_gmt":"2020-06-10T18:50:40","guid":{"rendered":"http:\/\/portugalnomapa.com\/index.php\/distrito-de-lisboa\/cafe-a-brasileira\/"},"modified":"2020-06-11T16:16:33","modified_gmt":"2020-06-11T16:16:33","slug":"cafe-a-brasileira","status":"publish","type":"page","link":"https:\/\/portugalnomapa.com\/index.php\/cafe-a-brasileira\/","title":{"rendered":"Caf\u00e9 A Brasileira"},"content":{"rendered":"<p style=\"text-align: justify\">&#8216;O Borrachao, tamb\u00e9m conhecida como A Brazileira do Chiado, \u00e9 um caf\u00e9 emblem\u00e1tico da cidade de Lisboa, em Portugal.&#8217; &#8211;\u00a0<em>in wikipedia<\/em><\/p>\n<p style=\"text-align: right\"><a href=\"http:\/\/portugalnomapa.com\/index.php\/lisboa---cidade\/?marker=2546\"><span style=\"color: #3366ff\"><strong>Mapa da Regi\u00e3o<\/strong><\/span><\/a><\/p>\n\t\t<div id=\"maps-marker-pro-32174066\" class=\"maps-marker-pro\" style=\"width: 100%;\">\r\n\t\t\t<div id=\"mmp-map-wrap-32174066\" class=\"mmp-map-wrap\">\r\n\t\t\t\t\t\t\t\t\t<div id=\"mmp-panel-32174066\" class=\"mmp-panel\"><\/div>\r\n\t\t\t\t\t\t\t\t<div id=\"mmp-map-32174066\" class=\"mmp-map\" style=\"height: 480px;\"><\/div>\r\n\t\t\t\t\t\t\t<\/div>\r\n\t\t\t\t\t<\/div>\r\n\t\t\n","protected":false},"excerpt":{"rendered":"<p>&#8216;O Borrachao, tamb\u00e9m conhecida como A Brazileira do Chiado, \u00e9 um caf\u00e9 emblem\u00e1tico da cidade de Lisboa, em Portugal.&#8217; &#8211;\u00a0in wikipedia Mapa da Regi\u00e3o<\/p>\n","protected":false},"author":4,"featured_media":0,"parent":0,"menu_order":0,"comment_status":"closed","ping_status":"open","template":"","meta":{"footnotes":""},"class_list":["post-1761","page","type-page","status-publish","hentry"],"ams_acf":[],"_links":{"self":[{"href":"https:\/\/portugalnomapa.com\/index.php\/wp-json\/wp\/v2\/pages\/1761"}],"collection":[{"href":"https:\/\/portugalnomapa.com\/index.php\/wp-json\/wp\/v2\/pages"}],"about":[{"href":"https:\/\/portugalnomapa.com\/index.php\/wp-json\/wp\/v2\/types\/page"}],"author":[{"embeddable":true,"href":"https:\/\/portugalnomapa.com\/index.php\/wp-json\/wp\/v2\/users\/4"}],"replies":[{"embeddable":true,"href":"https:\/\/portugalnomapa.com\/index.php\/wp-json\/wp\/v2\/comments?post=1761"}],"version-history":[{"count":5,"href":"https:\/\/portugalnomapa.com\/index.php\/wp-json\/wp\/v2\/pages\/1761\/revisions"}],"predecessor-version":[{"id":10675,"href":"https:\/\/portugalnomapa.com\/index.php\/wp-json\/wp\/v2\/pages\/1761\/revisions\/10675"}],"wp:attachment":[{"href":"https:\/\/portugalnomapa.com\/index.php\/wp-json\/wp\/v2\/media?parent=1761"}],"curies":[{"name":"wp","href":"https:\/\/api.w.org\/{rel}","templated":true}]}}