{"id":1735,"date":"2020-06-10T18:59:27","date_gmt":"2020-06-10T18:59:27","guid":{"rendered":"http:\/\/portugalnomapa.com\/index.php\/distrito-de-lisboa\/museu-do-oriente\/"},"modified":"2020-06-11T16:39:05","modified_gmt":"2020-06-11T16:39:05","slug":"museu-do-oriente","status":"publish","type":"page","link":"https:\/\/portugalnomapa.com\/index.php\/museu-do-oriente\/","title":{"rendered":"Museu do Oriente"},"content":{"rendered":"<p style=\"text-align: justify\">&#8216;O Museu do Oriente est\u00e1 instalado no edif\u00edcio Pedro \u00c1lvares Cabral, antigos armaz\u00e9ns da Comiss\u00e3o Reguladora do Com\u00e9rcio do Bacalhau em Alc\u00e2ntara, Lisboa.&#8217; &#8211;\u00a0<em>in wikipedia<\/em><\/p>\n<p style=\"text-align: right\"><a href=\"http:\/\/portugalnomapa.com\/index.php\/lisboa---cidade\/?marker=2520\"><span style=\"color: #3366ff\"><strong>Mapa da Regi\u00e3o<\/strong><\/span><\/a><\/p>\n\t\t<div id=\"maps-marker-pro-1d0dbbcf\" class=\"maps-marker-pro\" style=\"width: 100%;\">\r\n\t\t\t<div id=\"mmp-map-wrap-1d0dbbcf\" class=\"mmp-map-wrap\">\r\n\t\t\t\t\t\t\t\t\t<div id=\"mmp-panel-1d0dbbcf\" class=\"mmp-panel\"><\/div>\r\n\t\t\t\t\t\t\t\t<div id=\"mmp-map-1d0dbbcf\" class=\"mmp-map\" style=\"height: 480px;\"><\/div>\r\n\t\t\t\t\t\t\t<\/div>\r\n\t\t\t\t\t<\/div>\r\n\t\t\n","protected":false},"excerpt":{"rendered":"<p>&#8216;O Museu do Oriente est\u00e1 instalado no edif\u00edcio Pedro \u00c1lvares Cabral, antigos armaz\u00e9ns da Comiss\u00e3o Reguladora do Com\u00e9rcio do Bacalhau em Alc\u00e2ntara, Lisboa.&#8217; &#8211;\u00a0in wikipedia Mapa da Regi\u00e3o<\/p>\n","protected":false},"author":4,"featured_media":0,"parent":0,"menu_order":0,"comment_status":"closed","ping_status":"open","template":"","meta":{"footnotes":""},"class_list":["post-1735","page","type-page","status-publish","hentry"],"ams_acf":[],"_links":{"self":[{"href":"https:\/\/portugalnomapa.com\/index.php\/wp-json\/wp\/v2\/pages\/1735"}],"collection":[{"href":"https:\/\/portugalnomapa.com\/index.php\/wp-json\/wp\/v2\/pages"}],"about":[{"href":"https:\/\/portugalnomapa.com\/index.php\/wp-json\/wp\/v2\/types\/page"}],"author":[{"embeddable":true,"href":"https:\/\/portugalnomapa.com\/index.php\/wp-json\/wp\/v2\/users\/4"}],"replies":[{"embeddable":true,"href":"https:\/\/portugalnomapa.com\/index.php\/wp-json\/wp\/v2\/comments?post=1735"}],"version-history":[{"count":5,"href":"https:\/\/portugalnomapa.com\/index.php\/wp-json\/wp\/v2\/pages\/1735\/revisions"}],"predecessor-version":[{"id":12070,"href":"https:\/\/portugalnomapa.com\/index.php\/wp-json\/wp\/v2\/pages\/1735\/revisions\/12070"}],"wp:attachment":[{"href":"https:\/\/portugalnomapa.com\/index.php\/wp-json\/wp\/v2\/media?parent=1735"}],"curies":[{"name":"wp","href":"https:\/\/api.w.org\/{rel}","templated":true}]}}