{"id":1642,"date":"2020-06-10T18:54:57","date_gmt":"2020-06-10T18:54:57","guid":{"rendered":"http:\/\/portugalnomapa.com\/index.php\/distrito-do-porto\/forte-de-leca-da-palmeira\/"},"modified":"2020-06-11T16:25:51","modified_gmt":"2020-06-11T16:25:51","slug":"forte-de-leca-da-palmeira","status":"publish","type":"page","link":"https:\/\/portugalnomapa.com\/index.php\/forte-de-leca-da-palmeira\/","title":{"rendered":"Forte de Le\u00e7a da Palmeira"},"content":{"rendered":"<p style=\"text-align: justify\">&#8216;O Forte de Nossa Senhora das Neves, tamb\u00e9m referido como Forte de Le\u00e7a da Palmeira ou Castelo de Matosinhos, localiza-se em Le\u00e7a da Palmeira, concelho de Matosinhos, distrito do Porto, em Portugal.&#8217; &#8211;\u00a0<em>in wikipedia<\/em><\/p>\n<p style=\"text-align: right\"><a href=\"http:\/\/portugalnomapa.com\/index.php\/distrito-do-porto\/?marker=2430\"><span style=\"color: #3366ff\"><strong>Mapa da Regi\u00e3o<\/strong><\/span><\/a><\/p>\n\t\t<div id=\"maps-marker-pro-bcd38257\" class=\"maps-marker-pro\" style=\"width: 100%;\">\r\n\t\t\t<div id=\"mmp-map-wrap-bcd38257\" class=\"mmp-map-wrap\">\r\n\t\t\t\t\t\t\t\t\t<div id=\"mmp-panel-bcd38257\" class=\"mmp-panel\"><\/div>\r\n\t\t\t\t\t\t\t\t<div id=\"mmp-map-bcd38257\" class=\"mmp-map\" style=\"height: 480px;\"><\/div>\r\n\t\t\t\t\t\t\t<\/div>\r\n\t\t\t\t\t<\/div>\r\n\t\t\n","protected":false},"excerpt":{"rendered":"<p>&#8216;O Forte de Nossa Senhora das Neves, tamb\u00e9m referido como Forte de Le\u00e7a da Palmeira ou Castelo de Matosinhos, localiza-se em Le\u00e7a da Palmeira, concelho de Matosinhos, distrito do Porto, em Portugal.&#8217; &#8211;\u00a0in wikipedia Mapa da Regi\u00e3o<\/p>\n","protected":false},"author":4,"featured_media":0,"parent":0,"menu_order":0,"comment_status":"closed","ping_status":"open","template":"","meta":{"footnotes":""},"class_list":["post-1642","page","type-page","status-publish","hentry"],"ams_acf":[],"_links":{"self":[{"href":"https:\/\/portugalnomapa.com\/index.php\/wp-json\/wp\/v2\/pages\/1642"}],"collection":[{"href":"https:\/\/portugalnomapa.com\/index.php\/wp-json\/wp\/v2\/pages"}],"about":[{"href":"https:\/\/portugalnomapa.com\/index.php\/wp-json\/wp\/v2\/types\/page"}],"author":[{"embeddable":true,"href":"https:\/\/portugalnomapa.com\/index.php\/wp-json\/wp\/v2\/users\/4"}],"replies":[{"embeddable":true,"href":"https:\/\/portugalnomapa.com\/index.php\/wp-json\/wp\/v2\/comments?post=1642"}],"version-history":[{"count":4,"href":"https:\/\/portugalnomapa.com\/index.php\/wp-json\/wp\/v2\/pages\/1642\/revisions"}],"predecessor-version":[{"id":11233,"href":"https:\/\/portugalnomapa.com\/index.php\/wp-json\/wp\/v2\/pages\/1642\/revisions\/11233"}],"wp:attachment":[{"href":"https:\/\/portugalnomapa.com\/index.php\/wp-json\/wp\/v2\/media?parent=1642"}],"curies":[{"name":"wp","href":"https:\/\/api.w.org\/{rel}","templated":true}]}}