{"id":1398,"date":"2020-06-10T18:55:35","date_gmt":"2020-06-10T18:55:35","guid":{"rendered":"http:\/\/portugalnomapa.com\/index.php\/distrito-de-viseu\/igreja-de-nossa-senhora-da-conceicao\/"},"modified":"2020-06-11T16:26:34","modified_gmt":"2020-06-11T16:26:34","slug":"igreja-de-nossa-senhora-da-conceicao-ermida","status":"publish","type":"page","link":"https:\/\/portugalnomapa.com\/index.php\/igreja-de-nossa-senhora-da-conceicao-ermida\/","title":{"rendered":"Igreja de Nossa Senhora da Concei\u00e7\u00e3o (Ermida)"},"content":{"rendered":"<p style=\"text-align: justify\">&#8216;A Ermida de Nossa Senhora da Concei\u00e7\u00e3o \u00e9 um mosteiro em Ermida do Paiva, situada a 6 km de Castro Daire, na freguesia de Ermida, com acesso pela Estrada Nacional 225.&#8217; &#8211;\u00a0<em>in wikipedia<\/em><\/p>\n<p style=\"text-align: right\"><a href=\"http:\/\/portugalnomapa.com\/index.php\/distrito-de-viseu\/?marker=2151\"><span style=\"color: #3366ff;\"><strong>Mapa da Regi\u00e3o<\/strong><\/span><\/a><\/p>\n\t\t<div id=\"maps-marker-pro-ddb8f6e8\" class=\"maps-marker-pro\" style=\"width: 100%;\">\r\n\t\t\t<div id=\"mmp-map-wrap-ddb8f6e8\" class=\"mmp-map-wrap\">\r\n\t\t\t\t\t\t\t\t\t<div id=\"mmp-panel-ddb8f6e8\" class=\"mmp-panel\"><\/div>\r\n\t\t\t\t\t\t\t\t<div id=\"mmp-map-ddb8f6e8\" class=\"mmp-map\" style=\"height: 480px;\"><\/div>\r\n\t\t\t\t\t\t\t<\/div>\r\n\t\t\t\t\t<\/div>\r\n\t\t\n","protected":false},"excerpt":{"rendered":"<p>&#8216;A Ermida de Nossa Senhora da Concei\u00e7\u00e3o \u00e9 um mosteiro em Ermida do Paiva, situada a 6 km de Castro Daire, na freguesia de Ermida, com acesso pela Estrada Nacional 225.&#8217; &#8211;\u00a0in wikipedia Mapa da Regi\u00e3o<\/p>\n","protected":false},"author":4,"featured_media":0,"parent":0,"menu_order":0,"comment_status":"closed","ping_status":"open","template":"","meta":{"footnotes":""},"class_list":["post-1398","page","type-page","status-publish","hentry"],"ams_acf":[],"_links":{"self":[{"href":"https:\/\/portugalnomapa.com\/index.php\/wp-json\/wp\/v2\/pages\/1398"}],"collection":[{"href":"https:\/\/portugalnomapa.com\/index.php\/wp-json\/wp\/v2\/pages"}],"about":[{"href":"https:\/\/portugalnomapa.com\/index.php\/wp-json\/wp\/v2\/types\/page"}],"author":[{"embeddable":true,"href":"https:\/\/portugalnomapa.com\/index.php\/wp-json\/wp\/v2\/users\/4"}],"replies":[{"embeddable":true,"href":"https:\/\/portugalnomapa.com\/index.php\/wp-json\/wp\/v2\/comments?post=1398"}],"version-history":[{"count":6,"href":"https:\/\/portugalnomapa.com\/index.php\/wp-json\/wp\/v2\/pages\/1398\/revisions"}],"predecessor-version":[{"id":11355,"href":"https:\/\/portugalnomapa.com\/index.php\/wp-json\/wp\/v2\/pages\/1398\/revisions\/11355"}],"wp:attachment":[{"href":"https:\/\/portugalnomapa.com\/index.php\/wp-json\/wp\/v2\/media?parent=1398"}],"curies":[{"name":"wp","href":"https:\/\/api.w.org\/{rel}","templated":true}]}}