{"id":1317,"date":"2020-06-10T18:54:02","date_gmt":"2020-06-10T18:54:02","guid":{"rendered":"http:\/\/portugalnomapa.com\/index.php\/distrito-da-guarda\/dolmen-de-matanca\/"},"modified":"2020-06-11T16:23:24","modified_gmt":"2020-06-11T16:23:24","slug":"dolmen-de-matanca","status":"publish","type":"page","link":"https:\/\/portugalnomapa.com\/index.php\/dolmen-de-matanca\/","title":{"rendered":"D\u00f3lmen de Matan\u00e7a"},"content":{"rendered":"<p style=\"text-align: justify;\">&#8216;O D\u00f3lmen de Matan\u00e7a est\u00e1 situado na zona sul da freguesia de Matan\u00e7a, concelho de Fornos de Algodres, junto da estrada que liga aquela freguesia \u00e0 sede de concelho. \u00c9 tamb\u00e9m referido como Orca de Corgas da Matan\u00e7a.&#8217; &#8211;\u00a0<em>in wikipedia<\/em><\/p>\n<p style=\"text-align: right;\"><a href=\"http:\/\/portugalnomapa.com\/index.php\/distrito-da-guarda\/?marker=2071\"><span style=\"color: #3366ff;\"><strong>Mapa da Regi\u00e3o<\/strong><\/span><\/a><\/p>\n\t\t<div id=\"maps-marker-pro-4e47611c\" class=\"maps-marker-pro\" style=\"width: 100%;\">\r\n\t\t\t<div id=\"mmp-map-wrap-4e47611c\" class=\"mmp-map-wrap\">\r\n\t\t\t\t\t\t\t\t\t<div id=\"mmp-panel-4e47611c\" class=\"mmp-panel\"><\/div>\r\n\t\t\t\t\t\t\t\t<div id=\"mmp-map-4e47611c\" class=\"mmp-map\" style=\"height: 480px;\"><\/div>\r\n\t\t\t\t\t\t\t<\/div>\r\n\t\t\t\t\t<\/div>\r\n\t\t\n","protected":false},"excerpt":{"rendered":"<p>&#8216;O D\u00f3lmen de Matan\u00e7a est\u00e1 situado na zona sul da freguesia de Matan\u00e7a, concelho de Fornos de Algodres, junto da estrada que liga aquela freguesia \u00e0 sede de concelho. \u00c9 tamb\u00e9m referido como Orca de Corgas da Matan\u00e7a.&#8217; &#8211;\u00a0in wikipedia Mapa da Regi\u00e3o<\/p>\n","protected":false},"author":4,"featured_media":0,"parent":0,"menu_order":0,"comment_status":"closed","ping_status":"open","template":"","meta":{"footnotes":""},"class_list":["post-1317","page","type-page","status-publish","hentry"],"ams_acf":[],"_links":{"self":[{"href":"https:\/\/portugalnomapa.com\/index.php\/wp-json\/wp\/v2\/pages\/1317"}],"collection":[{"href":"https:\/\/portugalnomapa.com\/index.php\/wp-json\/wp\/v2\/pages"}],"about":[{"href":"https:\/\/portugalnomapa.com\/index.php\/wp-json\/wp\/v2\/types\/page"}],"author":[{"embeddable":true,"href":"https:\/\/portugalnomapa.com\/index.php\/wp-json\/wp\/v2\/users\/4"}],"replies":[{"embeddable":true,"href":"https:\/\/portugalnomapa.com\/index.php\/wp-json\/wp\/v2\/comments?post=1317"}],"version-history":[{"count":5,"href":"https:\/\/portugalnomapa.com\/index.php\/wp-json\/wp\/v2\/pages\/1317\/revisions"}],"predecessor-version":[{"id":11097,"href":"https:\/\/portugalnomapa.com\/index.php\/wp-json\/wp\/v2\/pages\/1317\/revisions\/11097"}],"wp:attachment":[{"href":"https:\/\/portugalnomapa.com\/index.php\/wp-json\/wp\/v2\/media?parent=1317"}],"curies":[{"name":"wp","href":"https:\/\/api.w.org\/{rel}","templated":true}]}}