{"id":1137,"date":"2020-06-10T19:01:23","date_gmt":"2020-06-10T19:01:23","guid":{"rendered":"http:\/\/portugalnomapa.com\/index.php\/distrito-de-braga\/ponte-de-mem-gutierres\/"},"modified":"2020-06-11T16:42:11","modified_gmt":"2020-06-11T16:42:11","slug":"ponte-de-mem-gutierres","status":"publish","type":"page","link":"https:\/\/portugalnomapa.com\/index.php\/ponte-de-mem-gutierres\/","title":{"rendered":"Ponte de Mem Gutierres"},"content":{"rendered":"<p style=\"text-align: justify;\">&#8221;A Ponte de Mem Gutierres, tamb\u00e9m referida como Ponte Domingues Terna, localiza-se na freguesia de Esperan\u00e7a, concelho de P\u00f3voa de Lanhoso, distrito de Braga, em Portugal&#8217; &#8211;\u00a0<em>in wikipedia<\/em><\/p>\n<p style=\"text-align: right;\"><a href=\"http:\/\/portugalnomapa.com\/index.php\/distrito-de-braga\/?marker=1893\"><span style=\"color: #3366ff;\"><strong>Mapa da Regi\u00e3o<\/strong><\/span><\/a><\/p>\n\t\t<div id=\"maps-marker-pro-af5b2ba0\" class=\"maps-marker-pro\" style=\"width: 100%;\">\r\n\t\t\t<div id=\"mmp-map-wrap-af5b2ba0\" class=\"mmp-map-wrap\">\r\n\t\t\t\t\t\t\t\t\t<div id=\"mmp-panel-af5b2ba0\" class=\"mmp-panel\"><\/div>\r\n\t\t\t\t\t\t\t\t<div id=\"mmp-map-af5b2ba0\" class=\"mmp-map\" style=\"height: 480px;\"><\/div>\r\n\t\t\t\t\t\t\t<\/div>\r\n\t\t\t\t\t<\/div>\r\n\t\t\n","protected":false},"excerpt":{"rendered":"<p>&#8221;A Ponte de Mem Gutierres, tamb\u00e9m referida como Ponte Domingues Terna, localiza-se na freguesia de Esperan\u00e7a, concelho de P\u00f3voa de Lanhoso, distrito de Braga, em Portugal&#8217; &#8211;\u00a0in wikipedia Mapa da Regi\u00e3o<\/p>\n","protected":false},"author":4,"featured_media":0,"parent":0,"menu_order":0,"comment_status":"closed","ping_status":"open","template":"","meta":{"footnotes":""},"class_list":["post-1137","page","type-page","status-publish","hentry"],"ams_acf":[],"_links":{"self":[{"href":"https:\/\/portugalnomapa.com\/index.php\/wp-json\/wp\/v2\/pages\/1137"}],"collection":[{"href":"https:\/\/portugalnomapa.com\/index.php\/wp-json\/wp\/v2\/pages"}],"about":[{"href":"https:\/\/portugalnomapa.com\/index.php\/wp-json\/wp\/v2\/types\/page"}],"author":[{"embeddable":true,"href":"https:\/\/portugalnomapa.com\/index.php\/wp-json\/wp\/v2\/users\/4"}],"replies":[{"embeddable":true,"href":"https:\/\/portugalnomapa.com\/index.php\/wp-json\/wp\/v2\/comments?post=1137"}],"version-history":[{"count":4,"href":"https:\/\/portugalnomapa.com\/index.php\/wp-json\/wp\/v2\/pages\/1137\/revisions"}],"predecessor-version":[{"id":12435,"href":"https:\/\/portugalnomapa.com\/index.php\/wp-json\/wp\/v2\/pages\/1137\/revisions\/12435"}],"wp:attachment":[{"href":"https:\/\/portugalnomapa.com\/index.php\/wp-json\/wp\/v2\/media?parent=1137"}],"curies":[{"name":"wp","href":"https:\/\/api.w.org\/{rel}","templated":true}]}}