{"id":1054,"date":"2020-06-10T19:00:04","date_gmt":"2020-06-10T19:00:04","guid":{"rendered":"http:\/\/portugalnomapa.com\/index.php\/distrito-de-braga\/paco-de-sao-cipriano\/"},"modified":"2020-06-11T16:39:43","modified_gmt":"2020-06-11T16:39:43","slug":"paco-de-sao-cipriano","status":"publish","type":"page","link":"https:\/\/portugalnomapa.com\/index.php\/paco-de-sao-cipriano\/","title":{"rendered":"Pa\u00e7o de S\u00e3o Cipriano"},"content":{"rendered":"<p style=\"text-align: justify;\">&#8221;O Pa\u00e7o de S\u00e3o Cipriano \u00e9 um pa\u00e7o portugu\u00eas datado do s\u00e9culo XV, localizado na freguesia de Tabuadelo a curta dist\u00e2ncia da cidade de Guimar\u00e3es&#8217; &#8211;\u00a0<em>in wikipedia<\/em><\/p>\n<p style=\"text-align: right;\"><a href=\"http:\/\/portugalnomapa.com\/index.php\/distrito-de-braga\/?marker=1810\"><span style=\"color: #3366ff;\"><strong>Mapa da Regi\u00e3o<\/strong><\/span><\/a><\/p>\n\t\t<div id=\"maps-marker-pro-e4c9aecd\" class=\"maps-marker-pro\" style=\"width: 100%;\">\r\n\t\t\t<div id=\"mmp-map-wrap-e4c9aecd\" class=\"mmp-map-wrap\">\r\n\t\t\t\t\t\t\t\t\t<div id=\"mmp-panel-e4c9aecd\" class=\"mmp-panel\"><\/div>\r\n\t\t\t\t\t\t\t\t<div id=\"mmp-map-e4c9aecd\" class=\"mmp-map\" style=\"height: 480px;\"><\/div>\r\n\t\t\t\t\t\t\t<\/div>\r\n\t\t\t\t\t<\/div>\r\n\t\t\n","protected":false},"excerpt":{"rendered":"<p>&#8221;O Pa\u00e7o de S\u00e3o Cipriano \u00e9 um pa\u00e7o portugu\u00eas datado do s\u00e9culo XV, localizado na freguesia de Tabuadelo a curta dist\u00e2ncia da cidade de Guimar\u00e3es&#8217; &#8211;\u00a0in wikipedia Mapa da Regi\u00e3o<\/p>\n","protected":false},"author":4,"featured_media":0,"parent":0,"menu_order":0,"comment_status":"closed","ping_status":"open","template":"","meta":{"footnotes":""},"class_list":["post-1054","page","type-page","status-publish","hentry"],"ams_acf":[],"_links":{"self":[{"href":"https:\/\/portugalnomapa.com\/index.php\/wp-json\/wp\/v2\/pages\/1054"}],"collection":[{"href":"https:\/\/portugalnomapa.com\/index.php\/wp-json\/wp\/v2\/pages"}],"about":[{"href":"https:\/\/portugalnomapa.com\/index.php\/wp-json\/wp\/v2\/types\/page"}],"author":[{"embeddable":true,"href":"https:\/\/portugalnomapa.com\/index.php\/wp-json\/wp\/v2\/users\/4"}],"replies":[{"embeddable":true,"href":"https:\/\/portugalnomapa.com\/index.php\/wp-json\/wp\/v2\/comments?post=1054"}],"version-history":[{"count":4,"href":"https:\/\/portugalnomapa.com\/index.php\/wp-json\/wp\/v2\/pages\/1054\/revisions"}],"predecessor-version":[{"id":12187,"href":"https:\/\/portugalnomapa.com\/index.php\/wp-json\/wp\/v2\/pages\/1054\/revisions\/12187"}],"wp:attachment":[{"href":"https:\/\/portugalnomapa.com\/index.php\/wp-json\/wp\/v2\/media?parent=1054"}],"curies":[{"name":"wp","href":"https:\/\/api.w.org\/{rel}","templated":true}]}}